{"id":107625,"date":"2025-11-04T04:31:32","date_gmt":"2025-11-04T02:31:32","guid":{"rendered":"https:\/\/automatic.ee\/toode\/nahapuhast-vahend-500ml-2\/"},"modified":"2025-11-04T04:31:32","modified_gmt":"2025-11-04T02:31:32","slug":"nahapuhast-vahend-500ml-2","status":"publish","type":"product","link":"https:\/\/automatic.ee\/en\/toode\/nahapuhast-vahend-500ml-2\/","title":{"rendered":"NAHAPUHAST.VAHEND 500ML"},"content":{"rendered":"<p>Q\u00b2M LeatherCleaner Strong on t\u00f5hus ja efektiivne katmiseelne naha puhastusvahend. See on \u00fclim naha puhastamise toode. mida saab kasutada enne pinna katmist. See eemaldab mustuse. \u00f5lised j\u00e4\u00e4gid. saastumise ja v\u00e4rvuse muutuse.<\/p>\n","protected":false},"excerpt":{"rendered":"<p>8809432673309<\/p>\n","protected":false},"featured_media":107622,"comment_status":"open","ping_status":"closed","template":"","meta":{"colormag_page_container_layout":"default_layout","colormag_page_sidebar_layout":"default_layout"},"product_brand":[],"product_cat":[128],"product_tag":[],"class_list":{"0":"post-107625","1":"product","2":"type-product","3":"status-publish","4":"has-post-thumbnail","6":"product_cat-autokeemia","8":"first","9":"instock","10":"shipping-taxable","11":"purchasable","12":"product-type-simple"},"_links":{"self":[{"href":"https:\/\/automatic.ee\/en\/wp-json\/wp\/v2\/product\/107625","targetHints":{"allow":["GET"]}}],"collection":[{"href":"https:\/\/automatic.ee\/en\/wp-json\/wp\/v2\/product"}],"about":[{"href":"https:\/\/automatic.ee\/en\/wp-json\/wp\/v2\/types\/product"}],"replies":[{"embeddable":true,"href":"https:\/\/automatic.ee\/en\/wp-json\/wp\/v2\/comments?post=107625"}],"wp:featuredmedia":[{"embeddable":true,"href":"https:\/\/automatic.ee\/en\/wp-json\/wp\/v2\/media\/107622"}],"wp:attachment":[{"href":"https:\/\/automatic.ee\/en\/wp-json\/wp\/v2\/media?parent=107625"}],"wp:term":[{"taxonomy":"product_brand","embeddable":true,"href":"https:\/\/automatic.ee\/en\/wp-json\/wp\/v2\/product_brand?post=107625"},{"taxonomy":"product_cat","embeddable":true,"href":"https:\/\/automatic.ee\/en\/wp-json\/wp\/v2\/product_cat?post=107625"},{"taxonomy":"product_tag","embeddable":true,"href":"https:\/\/automatic.ee\/en\/wp-json\/wp\/v2\/product_tag?post=107625"}],"curies":[{"name":"wp","href":"https:\/\/api.w.org\/{rel}","templated":true}]}}