{"id":107617,"date":"2025-11-04T04:31:18","date_gmt":"2025-11-04T02:31:18","guid":{"rendered":"https:\/\/automatic.ee\/toode\/klaasipuh-vahend-500ml-2\/"},"modified":"2025-11-04T04:31:18","modified_gmt":"2025-11-04T02:31:18","slug":"klaasipuh-vahend-500ml-2","status":"publish","type":"product","link":"https:\/\/automatic.ee\/en\/toode\/klaasipuh-vahend-500ml-2\/","title":{"rendered":"KLAASIPUH.VAHEND 500ML"},"content":{"rendered":"<p>Q\u00b2M Glass on \u00fclim vahend auto klaaspindade kiireks. vaevatuks ja t\u00f5husaks puhastamiseks. Eemaldab \u00f5lised j\u00e4\u00e4gid ja j\u00e4tab koheselt plekivaba pinna. Lihtne kasutada ja ohutu k\u00f5igile sisustusmaterjalidele nagu nahk. vin\u00fc\u00fcl v\u00f5i alcantara.<\/p>\n","protected":false},"excerpt":{"rendered":"<p>8809432673408<\/p>\n","protected":false},"featured_media":107614,"comment_status":"open","ping_status":"closed","template":"","meta":{"colormag_page_container_layout":"default_layout","colormag_page_sidebar_layout":"default_layout"},"product_brand":[],"product_cat":[128],"product_tag":[],"class_list":{"0":"post-107617","1":"product","2":"type-product","3":"status-publish","4":"has-post-thumbnail","6":"product_cat-autokeemia","8":"first","9":"instock","10":"shipping-taxable","11":"purchasable","12":"product-type-simple"},"_links":{"self":[{"href":"https:\/\/automatic.ee\/en\/wp-json\/wp\/v2\/product\/107617","targetHints":{"allow":["GET"]}}],"collection":[{"href":"https:\/\/automatic.ee\/en\/wp-json\/wp\/v2\/product"}],"about":[{"href":"https:\/\/automatic.ee\/en\/wp-json\/wp\/v2\/types\/product"}],"replies":[{"embeddable":true,"href":"https:\/\/automatic.ee\/en\/wp-json\/wp\/v2\/comments?post=107617"}],"wp:featuredmedia":[{"embeddable":true,"href":"https:\/\/automatic.ee\/en\/wp-json\/wp\/v2\/media\/107614"}],"wp:attachment":[{"href":"https:\/\/automatic.ee\/en\/wp-json\/wp\/v2\/media?parent=107617"}],"wp:term":[{"taxonomy":"product_brand","embeddable":true,"href":"https:\/\/automatic.ee\/en\/wp-json\/wp\/v2\/product_brand?post=107617"},{"taxonomy":"product_cat","embeddable":true,"href":"https:\/\/automatic.ee\/en\/wp-json\/wp\/v2\/product_cat?post=107617"},{"taxonomy":"product_tag","embeddable":true,"href":"https:\/\/automatic.ee\/en\/wp-json\/wp\/v2\/product_tag?post=107617"}],"curies":[{"name":"wp","href":"https:\/\/api.w.org\/{rel}","templated":true}]}}