{"id":107605,"date":"2025-11-04T04:31:06","date_gmt":"2025-11-04T02:31:06","guid":{"rendered":"https:\/\/automatic.ee\/toode\/sisustuse-taastamine-ja-sailitamine-250ml\/"},"modified":"2025-11-04T04:31:06","modified_gmt":"2025-11-04T02:31:06","slug":"sisustuse-taastamine-ja-sailitamine-250ml","status":"publish","type":"product","link":"https:\/\/automatic.ee\/en\/toode\/sisustuse-taastamine-ja-sailitamine-250ml\/","title":{"rendered":"SISUSTUSE TAASTAMINE JA S\u00c4ILITAMINE 250ML"},"content":{"rendered":"<p>Q\u00b2M Preserve on lihtne ja kiire viis kergelt pleekinud trimmiosade taastamiseks ja k\u00f5igi teiste pikaajaliseks s\u00e4ilitamiseks. Suurep\u00e4rane mustuse t\u00f5rjuvus. antistaatilised omadused ja UV-kaitse koos \u00fche tootega.<\/p>\n<p>GYEON<\/p>\n<p>8809432673705<\/p>\n","protected":false},"excerpt":{"rendered":"<p>8809432673705 GYEON<\/p>\n","protected":false},"featured_media":107602,"comment_status":"open","ping_status":"closed","template":"","meta":{"colormag_page_container_layout":"default_layout","colormag_page_sidebar_layout":"default_layout"},"product_brand":[],"product_cat":[108],"product_tag":[],"class_list":{"0":"post-107605","1":"product","2":"type-product","3":"status-publish","4":"has-post-thumbnail","6":"product_cat-misc","8":"first","9":"instock","10":"shipping-taxable","11":"purchasable","12":"product-type-simple"},"_links":{"self":[{"href":"https:\/\/automatic.ee\/en\/wp-json\/wp\/v2\/product\/107605","targetHints":{"allow":["GET"]}}],"collection":[{"href":"https:\/\/automatic.ee\/en\/wp-json\/wp\/v2\/product"}],"about":[{"href":"https:\/\/automatic.ee\/en\/wp-json\/wp\/v2\/types\/product"}],"replies":[{"embeddable":true,"href":"https:\/\/automatic.ee\/en\/wp-json\/wp\/v2\/comments?post=107605"}],"wp:featuredmedia":[{"embeddable":true,"href":"https:\/\/automatic.ee\/en\/wp-json\/wp\/v2\/media\/107602"}],"wp:attachment":[{"href":"https:\/\/automatic.ee\/en\/wp-json\/wp\/v2\/media?parent=107605"}],"wp:term":[{"taxonomy":"product_brand","embeddable":true,"href":"https:\/\/automatic.ee\/en\/wp-json\/wp\/v2\/product_brand?post=107605"},{"taxonomy":"product_cat","embeddable":true,"href":"https:\/\/automatic.ee\/en\/wp-json\/wp\/v2\/product_cat?post=107605"},{"taxonomy":"product_tag","embeddable":true,"href":"https:\/\/automatic.ee\/en\/wp-json\/wp\/v2\/product_tag?post=107605"}],"curies":[{"name":"wp","href":"https:\/\/api.w.org\/{rel}","templated":true}]}}