{"id":107585,"date":"2025-11-04T04:30:47","date_gmt":"2025-11-04T02:30:47","guid":{"rendered":"https:\/\/automatic.ee\/toode\/tire-expess-rehvilaige-400ml\/"},"modified":"2025-11-04T04:30:47","modified_gmt":"2025-11-04T02:30:47","slug":"tire-expess-rehvilaige-400ml","status":"publish","type":"product","link":"https:\/\/automatic.ee\/en\/toode\/tire-expess-rehvilaige-400ml\/","title":{"rendered":"TIRE EXPESS REHVIL\u00c4IGE 400ML"},"content":{"rendered":"<p>GYEON Q\u00b2M Tire Express &#8211; Kiire ja lihtne viis rehvide puhta ja v\u00e4rske v\u00e4ljan\u00e4gemise saamiseks.<\/p>\n<p>Q\u00b2M Tire Express on \u00fclim rehvi- ja kummikate, mis pakub pindadele fantastilist v\u00e4limust ja mida on lihtne peale kanda. See taastab rehvi \u201cuue\u201d ilme ja hoiab seda sadu kilomeetreid.<\/p>\n","protected":false},"excerpt":{"rendered":"<p>8809432674757 GYEON<\/p>\n","protected":false},"featured_media":107582,"comment_status":"open","ping_status":"closed","template":"","meta":{"colormag_page_container_layout":"default_layout","colormag_page_sidebar_layout":"default_layout"},"product_brand":[],"product_cat":[108],"product_tag":[],"class_list":{"0":"post-107585","1":"product","2":"type-product","3":"status-publish","4":"has-post-thumbnail","6":"product_cat-misc","8":"first","9":"instock","10":"shipping-taxable","11":"purchasable","12":"product-type-simple"},"_links":{"self":[{"href":"https:\/\/automatic.ee\/en\/wp-json\/wp\/v2\/product\/107585","targetHints":{"allow":["GET"]}}],"collection":[{"href":"https:\/\/automatic.ee\/en\/wp-json\/wp\/v2\/product"}],"about":[{"href":"https:\/\/automatic.ee\/en\/wp-json\/wp\/v2\/types\/product"}],"replies":[{"embeddable":true,"href":"https:\/\/automatic.ee\/en\/wp-json\/wp\/v2\/comments?post=107585"}],"wp:featuredmedia":[{"embeddable":true,"href":"https:\/\/automatic.ee\/en\/wp-json\/wp\/v2\/media\/107582"}],"wp:attachment":[{"href":"https:\/\/automatic.ee\/en\/wp-json\/wp\/v2\/media?parent=107585"}],"wp:term":[{"taxonomy":"product_brand","embeddable":true,"href":"https:\/\/automatic.ee\/en\/wp-json\/wp\/v2\/product_brand?post=107585"},{"taxonomy":"product_cat","embeddable":true,"href":"https:\/\/automatic.ee\/en\/wp-json\/wp\/v2\/product_cat?post=107585"},{"taxonomy":"product_tag","embeddable":true,"href":"https:\/\/automatic.ee\/en\/wp-json\/wp\/v2\/product_tag?post=107585"}],"curies":[{"name":"wp","href":"https:\/\/api.w.org\/{rel}","templated":true}]}}