{"id":107577,"date":"2025-11-04T04:30:41","date_gmt":"2025-11-04T02:30:41","guid":{"rendered":"https:\/\/automatic.ee\/toode\/tohus-ja-ohutu-nahapuhasti-1000ml\/"},"modified":"2025-11-04T04:30:41","modified_gmt":"2025-11-04T02:30:41","slug":"tohus-ja-ohutu-nahapuhasti-1000ml","status":"publish","type":"product","link":"https:\/\/automatic.ee\/en\/toode\/tohus-ja-ohutu-nahapuhasti-1000ml\/","title":{"rendered":"T\u00d5HUS JA OHUTU NAHAPUHASTI 1000ml"},"content":{"rendered":"<p>Q\u00b2M LeatherCleaner Strong on t\u00f5hus ja efektiivne katmiseelne naha puhastusvahend. See on \u00fclim naha puhastamise toode, mida saab kasutada enne pinna katmist. See eemaldab mustuse, \u00f5lised j\u00e4\u00e4gid, saastumise ja v\u00e4rvuse muutuse.<\/p>\n","protected":false},"excerpt":{"rendered":"<p>8809432674832 GEYON<\/p>\n","protected":false},"featured_media":107574,"comment_status":"open","ping_status":"closed","template":"","meta":{"colormag_page_container_layout":"default_layout","colormag_page_sidebar_layout":"default_layout"},"product_brand":[],"product_cat":[128],"product_tag":[],"class_list":{"0":"post-107577","1":"product","2":"type-product","3":"status-publish","4":"has-post-thumbnail","6":"product_cat-autokeemia","8":"first","9":"instock","10":"shipping-taxable","11":"purchasable","12":"product-type-simple"},"_links":{"self":[{"href":"https:\/\/automatic.ee\/en\/wp-json\/wp\/v2\/product\/107577","targetHints":{"allow":["GET"]}}],"collection":[{"href":"https:\/\/automatic.ee\/en\/wp-json\/wp\/v2\/product"}],"about":[{"href":"https:\/\/automatic.ee\/en\/wp-json\/wp\/v2\/types\/product"}],"replies":[{"embeddable":true,"href":"https:\/\/automatic.ee\/en\/wp-json\/wp\/v2\/comments?post=107577"}],"wp:featuredmedia":[{"embeddable":true,"href":"https:\/\/automatic.ee\/en\/wp-json\/wp\/v2\/media\/107574"}],"wp:attachment":[{"href":"https:\/\/automatic.ee\/en\/wp-json\/wp\/v2\/media?parent=107577"}],"wp:term":[{"taxonomy":"product_brand","embeddable":true,"href":"https:\/\/automatic.ee\/en\/wp-json\/wp\/v2\/product_brand?post=107577"},{"taxonomy":"product_cat","embeddable":true,"href":"https:\/\/automatic.ee\/en\/wp-json\/wp\/v2\/product_cat?post=107577"},{"taxonomy":"product_tag","embeddable":true,"href":"https:\/\/automatic.ee\/en\/wp-json\/wp\/v2\/product_tag?post=107577"}],"curies":[{"name":"wp","href":"https:\/\/api.w.org\/{rel}","templated":true}]}}