{"id":107525,"date":"2025-11-04T04:29:56","date_gmt":"2025-11-04T02:29:56","guid":{"rendered":"https:\/\/automatic.ee\/toode\/gyeon-q%c2%b2m-waffle-kuivatusratik-40x40-cm\/"},"modified":"2025-11-04T04:29:56","modified_gmt":"2025-11-04T02:29:56","slug":"gyeon-q%c2%b2m-waffle-kuivatusratik-40x40-cm","status":"publish","type":"product","link":"https:\/\/automatic.ee\/en\/toode\/gyeon-q%c2%b2m-waffle-kuivatusratik-40x40-cm\/","title":{"rendered":"GYEON Q\u00b2M waffle kuivatusr\u00e4tik 40&#215;40 cm"},"content":{"rendered":"<p>KVALITEETSED GYEON MIKROKIUST R\u00c4TIKUD TEENIVAD ERINEVAID EESM\u00c4RKE. OLENEVALT KASUTATAVAST PINNAST JA KOOSTISEST. K\u00d5IK R\u00c4TIKUD ON SAGEDASE PESU KORRAL KULUMISKINDLAD.<\/p>\n","protected":false},"excerpt":{"rendered":"<p>8809432676195 GYEON<\/p>\n","protected":false},"featured_media":107522,"comment_status":"open","ping_status":"closed","template":"","meta":{"colormag_page_container_layout":"default_layout","colormag_page_sidebar_layout":"default_layout"},"product_brand":[],"product_cat":[108],"product_tag":[],"class_list":{"0":"post-107525","1":"product","2":"type-product","3":"status-publish","4":"has-post-thumbnail","6":"product_cat-misc","8":"first","9":"instock","10":"shipping-taxable","11":"purchasable","12":"product-type-simple"},"_links":{"self":[{"href":"https:\/\/automatic.ee\/en\/wp-json\/wp\/v2\/product\/107525","targetHints":{"allow":["GET"]}}],"collection":[{"href":"https:\/\/automatic.ee\/en\/wp-json\/wp\/v2\/product"}],"about":[{"href":"https:\/\/automatic.ee\/en\/wp-json\/wp\/v2\/types\/product"}],"replies":[{"embeddable":true,"href":"https:\/\/automatic.ee\/en\/wp-json\/wp\/v2\/comments?post=107525"}],"wp:featuredmedia":[{"embeddable":true,"href":"https:\/\/automatic.ee\/en\/wp-json\/wp\/v2\/media\/107522"}],"wp:attachment":[{"href":"https:\/\/automatic.ee\/en\/wp-json\/wp\/v2\/media?parent=107525"}],"wp:term":[{"taxonomy":"product_brand","embeddable":true,"href":"https:\/\/automatic.ee\/en\/wp-json\/wp\/v2\/product_brand?post=107525"},{"taxonomy":"product_cat","embeddable":true,"href":"https:\/\/automatic.ee\/en\/wp-json\/wp\/v2\/product_cat?post=107525"},{"taxonomy":"product_tag","embeddable":true,"href":"https:\/\/automatic.ee\/en\/wp-json\/wp\/v2\/product_tag?post=107525"}],"curies":[{"name":"wp","href":"https:\/\/api.w.org\/{rel}","templated":true}]}}