{"id":107521,"date":"2025-11-04T04:29:53","date_gmt":"2025-11-04T02:29:53","guid":{"rendered":"https:\/\/automatic.ee\/toode\/gyeon-q%c2%b2m-mikrokiust-ratik-40x40cm\/"},"modified":"2025-11-04T04:29:53","modified_gmt":"2025-11-04T02:29:53","slug":"gyeon-q%c2%b2m-mikrokiust-ratik-40x40cm","status":"publish","type":"product","link":"https:\/\/automatic.ee\/en\/toode\/gyeon-q%c2%b2m-mikrokiust-ratik-40x40cm\/","title":{"rendered":"GYEON Q\u00b2M mikrokiust r\u00e4tik 40x40cm"},"content":{"rendered":"<p>K\u00f5ik meie mikrokiudlapid on v\u00e4lja t\u00f6\u00f6tatud sobima pakutavate toodetega. S\u00f5ltuvalt pinnast sobivad Q\u00b2M-mikrokiud suurep\u00e4raselt Q\u00b2 CanCoat&#8217;i pealekandmiseks. Q\u00b2M Cure-ga viimast lihvi andes v\u00f5i s\u00f5idukit kuivatades. K\u00f5ik lapid tagavad maksimaalse j\u00f5udluse ja vastupidavuse.<\/p>\n","protected":false},"excerpt":{"rendered":"<p>8809432676300 GYEON<\/p>\n","protected":false},"featured_media":107518,"comment_status":"open","ping_status":"closed","template":"","meta":{"colormag_page_container_layout":"default_layout","colormag_page_sidebar_layout":"default_layout"},"product_brand":[],"product_cat":[108],"product_tag":[],"class_list":{"0":"post-107521","1":"product","2":"type-product","3":"status-publish","4":"has-post-thumbnail","6":"product_cat-misc","8":"first","9":"instock","10":"shipping-taxable","11":"purchasable","12":"product-type-simple"},"_links":{"self":[{"href":"https:\/\/automatic.ee\/en\/wp-json\/wp\/v2\/product\/107521","targetHints":{"allow":["GET"]}}],"collection":[{"href":"https:\/\/automatic.ee\/en\/wp-json\/wp\/v2\/product"}],"about":[{"href":"https:\/\/automatic.ee\/en\/wp-json\/wp\/v2\/types\/product"}],"replies":[{"embeddable":true,"href":"https:\/\/automatic.ee\/en\/wp-json\/wp\/v2\/comments?post=107521"}],"wp:featuredmedia":[{"embeddable":true,"href":"https:\/\/automatic.ee\/en\/wp-json\/wp\/v2\/media\/107518"}],"wp:attachment":[{"href":"https:\/\/automatic.ee\/en\/wp-json\/wp\/v2\/media?parent=107521"}],"wp:term":[{"taxonomy":"product_brand","embeddable":true,"href":"https:\/\/automatic.ee\/en\/wp-json\/wp\/v2\/product_brand?post=107521"},{"taxonomy":"product_cat","embeddable":true,"href":"https:\/\/automatic.ee\/en\/wp-json\/wp\/v2\/product_cat?post=107521"},{"taxonomy":"product_tag","embeddable":true,"href":"https:\/\/automatic.ee\/en\/wp-json\/wp\/v2\/product_tag?post=107521"}],"curies":[{"name":"wp","href":"https:\/\/api.w.org\/{rel}","templated":true}]}}