{"id":107505,"date":"2025-11-04T04:29:35","date_gmt":"2025-11-04T02:29:35","guid":{"rendered":"https:\/\/automatic.ee\/toode\/tohus-velgede-puhastusvahend-500ml\/"},"modified":"2025-11-04T04:29:35","modified_gmt":"2025-11-04T02:29:35","slug":"tohus-velgede-puhastusvahend-500ml","status":"publish","type":"product","link":"https:\/\/automatic.ee\/en\/toode\/tohus-velgede-puhastusvahend-500ml\/","title":{"rendered":"T\u00d5HUS VELGEDE PUHASTUSVAHEND 500ML"},"content":{"rendered":"<p>Lihtsustage enda velgede ning rehvide puhastamise protsessi. Q\u00b2M Iron WheelCleaner on geelja konsistentsiga. kleepub pinnale \u00fclih\u00e4sti ning lahustab mustuseosakesi. Selle nime all olev \u201cIron\u201d t\u00e4histab suurep\u00e4rast v\u00f5imet raudmetallide eemaldamiseks kaotamata toote t\u00fc\u00fcpilist rattapuhastusv\u00f5imet.<\/p>\n","protected":false},"excerpt":{"rendered":"<p>8809432677949 GYEON<\/p>\n","protected":false},"featured_media":107502,"comment_status":"open","ping_status":"closed","template":"","meta":{"colormag_page_container_layout":"default_layout","colormag_page_sidebar_layout":"default_layout"},"product_brand":[],"product_cat":[108],"product_tag":[],"class_list":{"0":"post-107505","1":"product","2":"type-product","3":"status-publish","4":"has-post-thumbnail","6":"product_cat-misc","8":"first","9":"instock","10":"shipping-taxable","11":"purchasable","12":"product-type-simple"},"_links":{"self":[{"href":"https:\/\/automatic.ee\/en\/wp-json\/wp\/v2\/product\/107505","targetHints":{"allow":["GET"]}}],"collection":[{"href":"https:\/\/automatic.ee\/en\/wp-json\/wp\/v2\/product"}],"about":[{"href":"https:\/\/automatic.ee\/en\/wp-json\/wp\/v2\/types\/product"}],"replies":[{"embeddable":true,"href":"https:\/\/automatic.ee\/en\/wp-json\/wp\/v2\/comments?post=107505"}],"wp:featuredmedia":[{"embeddable":true,"href":"https:\/\/automatic.ee\/en\/wp-json\/wp\/v2\/media\/107502"}],"wp:attachment":[{"href":"https:\/\/automatic.ee\/en\/wp-json\/wp\/v2\/media?parent=107505"}],"wp:term":[{"taxonomy":"product_brand","embeddable":true,"href":"https:\/\/automatic.ee\/en\/wp-json\/wp\/v2\/product_brand?post=107505"},{"taxonomy":"product_cat","embeddable":true,"href":"https:\/\/automatic.ee\/en\/wp-json\/wp\/v2\/product_cat?post=107505"},{"taxonomy":"product_tag","embeddable":true,"href":"https:\/\/automatic.ee\/en\/wp-json\/wp\/v2\/product_tag?post=107505"}],"curies":[{"name":"wp","href":"https:\/\/api.w.org\/{rel}","templated":true}]}}