{"id":107501,"date":"2025-11-04T04:29:31","date_gmt":"2025-11-04T02:29:31","guid":{"rendered":"https:\/\/automatic.ee\/toode\/velgede-puhastusvahned-1l\/"},"modified":"2025-11-04T04:29:31","modified_gmt":"2025-11-04T02:29:31","slug":"velgede-puhastusvahned-1l","status":"publish","type":"product","link":"https:\/\/automatic.ee\/en\/toode\/velgede-puhastusvahned-1l\/","title":{"rendered":"Velgede puhastusvahned 1L"},"content":{"rendered":"<p>T\u00d5HUS:Lihtsustage enda velgede ning rehvide puhastamise protsessi. Q\u00b2M Iron WheelCleaner on geelja konsistentsiga, kleepub pinnale \u00fclih\u00e4sti ning lahustab mustuseosakesi. Selle nime all olev \u201cIron\u201d t\u00e4histab suurep\u00e4rast v\u00f5imet raudmetallide eemaldamiseks kaotamata toote t\u00fc\u00fcpilist rattapuhastusv\u00f5imet.OHUTUV\u00f5imas puhastusvahend, kuid ohutu igat t\u00fc\u00fcpi velgedel ja viimistlustel, varasemalt keraamiliselt kaitstud v\u00f5i mitte. Selle valem muudab selle ideaalseks lahenduseks rataste puhastamiseks ja hooldamiseks, ilma et see kahjustaks nende viimistlust.Kasutage Q\u00b2M Iron WheelCleanerit alati jahedal rattal ja v\u00e4ltige otsest p\u00e4ikesevalgust. Pihustage rikkalikult ratta- ja pidurisadulat &#8211; laske sellel tugevalt loputada 1\u20132 minutit. N\u00d5UANNE: Veelgi suurema puhastusj\u00f5u saamiseks saab Q\u00b2M Iron WheelCleanerit segada oma lemmikratta v\u00f5i labakindaga. Tootel on tugev spetsiifiline l\u00f5hn.TARBIMINE: 100ml \/ autoPH TASE: neutraalne<\/p>\n","protected":false},"excerpt":{"rendered":"<p>8809432677956 GYEON<\/p>\n","protected":false},"featured_media":107498,"comment_status":"open","ping_status":"closed","template":"","meta":{"colormag_page_container_layout":"default_layout","colormag_page_sidebar_layout":"default_layout"},"product_brand":[],"product_cat":[108],"product_tag":[],"class_list":{"0":"post-107501","1":"product","2":"type-product","3":"status-publish","4":"has-post-thumbnail","6":"product_cat-misc","8":"first","9":"instock","10":"shipping-taxable","11":"purchasable","12":"product-type-simple"},"_links":{"self":[{"href":"https:\/\/automatic.ee\/en\/wp-json\/wp\/v2\/product\/107501","targetHints":{"allow":["GET"]}}],"collection":[{"href":"https:\/\/automatic.ee\/en\/wp-json\/wp\/v2\/product"}],"about":[{"href":"https:\/\/automatic.ee\/en\/wp-json\/wp\/v2\/types\/product"}],"replies":[{"embeddable":true,"href":"https:\/\/automatic.ee\/en\/wp-json\/wp\/v2\/comments?post=107501"}],"wp:featuredmedia":[{"embeddable":true,"href":"https:\/\/automatic.ee\/en\/wp-json\/wp\/v2\/media\/107498"}],"wp:attachment":[{"href":"https:\/\/automatic.ee\/en\/wp-json\/wp\/v2\/media?parent=107501"}],"wp:term":[{"taxonomy":"product_brand","embeddable":true,"href":"https:\/\/automatic.ee\/en\/wp-json\/wp\/v2\/product_brand?post=107501"},{"taxonomy":"product_cat","embeddable":true,"href":"https:\/\/automatic.ee\/en\/wp-json\/wp\/v2\/product_cat?post=107501"},{"taxonomy":"product_tag","embeddable":true,"href":"https:\/\/automatic.ee\/en\/wp-json\/wp\/v2\/product_tag?post=107501"}],"curies":[{"name":"wp","href":"https:\/\/api.w.org\/{rel}","templated":true}]}}