{"id":107453,"date":"2025-11-04T04:25:45","date_gmt":"2025-11-04T02:25:45","guid":{"rendered":"https:\/\/automatic.ee\/toode\/12v-19w-p20d-py20d-led-driving-hb3-h10-osram\/"},"modified":"2025-11-04T04:25:45","modified_gmt":"2025-11-04T02:25:45","slug":"12v-19w-p20d-py20d-led-driving-hb3-h10-osram","status":"publish","type":"product","link":"https:\/\/automatic.ee\/en\/toode\/12v-19w-p20d-py20d-led-driving-hb3-h10-osram\/","title":{"rendered":"12V 19W P20D\/PY20D LED DRIVING HB3\/H10 OSRAM"},"content":{"rendered":"<h4>Esitule pirn 12V OSRAM LEDriving\u00ae HL BRIGHT HB3\/H10\/HIR1 2tk<\/h4>\n<p>Suure j\u00f5udlusega LED-moderniseerimislamp pakub paremat n\u00e4htavust ja stiilset ilme<\/p>\n<p>Kuni 300% suurema heledusega  tagab OSRAM LEDRIVING HL Bright Morofit Lamp optimaalse n\u00e4htavuse ja v\u00f5imaldades seega autojuhtidel \u00e4ra tunda sildid, takistused ja ohud tavalistest lambidest varem. See LED -i moderniseerimislamp ei loo mitte ainult stiilset moodsa ilme, mille jaheda valge v\u00e4rvitemperatuur on 6 000k, vaid pakub ka t\u00e4nu optimeeritud valguse jaotusele v\u00e4hendavat. Premium OSRAM -i kvaliteet ja LED -tehnoloogia toetus kuni 5 korda rohkem eluea (v\u00f5rreldes ECE R112 -ga) ja parema n\u00e4htavusega t\u00e4nu p\u00e4evavalguse efektile. Lampipaaril on 4-aastane OSRAM-garantii. T\u00e4psete garantii tingimuste saamiseks lugege veebisaiti www.osram.com\/am-guarante. OSRAM -i lendrivat HL hele ja madala talalampidega asendavad tavalised halogeenlambid ja on 12 V \u00fchilduvad. Uusima LED -tehnoloogia ja v\u00e4ga kompaktse disaini abil v\u00f5imaldavad need lambid vastava halogeenlambit\u00fc\u00fcpidega autodele suure \u00fchilduvuse ja h\u00f5lpsaks paigaldamiseks. Nendel toodetel pole ECE heakskiitu ja neid ei tohi avalikel teedel kasutada \u00fcheski v\u00e4lisrakenduses\u02c7<\/p>\n<p>V\u00e4ga kompaktne LED -asendamine tavap\u00e4rastele HB3H10HIR1 k\u00f5rgele ja madalale talalampidele<\/p>\n<p>V\u00e4hendatud silmatorkav t\u00e4nu optimeeritud valguse jaotusele<\/p>\n<p>Jahe valge v\u00e4rvitemperatuur 6000 k<\/p>\n<p>Parem n\u00e4htavus t\u00e4nu p\u00e4evavalgusele<\/p>\n<p>Tooteteave<\/p>\n<p>Tellimuse viide 9005DWBRT-2HFB<\/p>\n<p>Tootet\u00fc\u00fcp (maastikus vs maantee) maastikul \u2259 HB3\/H10\/HIR1<\/p>\n<p>Rakendus (kategooria ja tootespetsiifiline), mida kasutatakse peamiselt madala tala, k\u00f5rge tala ja udutule jaoks<\/p>\n<p>rakendused<\/p>\n<p>Elektriandmed<\/p>\n<p>Toitesisend 19 W<\/p>\n<p>Nominaalne pinge 12,0 V<\/p>\n<p>Nominaalne v\u00f5imsus 19.00 W<\/p>\n<p>Fotomeetrilised andmed<\/p>\n<p>Helendav voog 1900 lm<\/p>\n<p>Helendav voolu taluvus \u00b1 20 %<\/p>\n<p>V\u00e4rvitemperatuur 6000 K<\/p>\n<p>V\u00e4rvitemperatuur 6000 K<\/p>\n<p>Helev\u00e4rviline LED jahe valge<\/p>\n<p>M\u00f5\u00f5tmed ja kaal<\/p>\n<p>Pikkus 76,2 mm<\/p>\n<p>L\u00e4bim\u00f5\u00f5t 14,0 mm<\/p>\n<p>Toote kaal 70,00 g<\/p>\n<p>Eluaeg<\/p>\n<p>Eluiga tc 5000 h<\/p>\n<p>T\u00e4iendavad tooteandmed<\/p>\n<p>Alus (standardnimetus) P20D \/ PX20D \/ PY20D<\/p>\n<p>V\u00f5imed<\/p>\n<p>Tehnoloogia LED<\/p>\n","protected":false},"excerpt":{"rendered":"<p>9005DWBRT-2HFB<\/p>\n","protected":false},"featured_media":107450,"comment_status":"open","ping_status":"closed","template":"","meta":{"colormag_page_container_layout":"default_layout","colormag_page_sidebar_layout":"default_layout"},"product_brand":[],"product_cat":[146],"product_tag":[],"class_list":{"0":"post-107453","1":"product","2":"type-product","3":"status-publish","4":"has-post-thumbnail","6":"product_cat-led-pirnid-pirnid-xenon","8":"first","9":"instock","10":"shipping-taxable","11":"purchasable","12":"product-type-simple"},"_links":{"self":[{"href":"https:\/\/automatic.ee\/en\/wp-json\/wp\/v2\/product\/107453","targetHints":{"allow":["GET"]}}],"collection":[{"href":"https:\/\/automatic.ee\/en\/wp-json\/wp\/v2\/product"}],"about":[{"href":"https:\/\/automatic.ee\/en\/wp-json\/wp\/v2\/types\/product"}],"replies":[{"embeddable":true,"href":"https:\/\/automatic.ee\/en\/wp-json\/wp\/v2\/comments?post=107453"}],"wp:featuredmedia":[{"embeddable":true,"href":"https:\/\/automatic.ee\/en\/wp-json\/wp\/v2\/media\/107450"}],"wp:attachment":[{"href":"https:\/\/automatic.ee\/en\/wp-json\/wp\/v2\/media?parent=107453"}],"wp:term":[{"taxonomy":"product_brand","embeddable":true,"href":"https:\/\/automatic.ee\/en\/wp-json\/wp\/v2\/product_brand?post=107453"},{"taxonomy":"product_cat","embeddable":true,"href":"https:\/\/automatic.ee\/en\/wp-json\/wp\/v2\/product_cat?post=107453"},{"taxonomy":"product_tag","embeddable":true,"href":"https:\/\/automatic.ee\/en\/wp-json\/wp\/v2\/product_tag?post=107453"}],"curies":[{"name":"wp","href":"https:\/\/api.w.org\/{rel}","templated":true}]}}