{"id":107445,"date":"2025-11-04T04:25:10","date_gmt":"2025-11-04T02:25:10","guid":{"rendered":"https:\/\/automatic.ee\/toode\/ledriving-hb4-hir2-osram\/"},"modified":"2025-11-04T04:25:10","modified_gmt":"2025-11-04T02:25:10","slug":"ledriving-hb4-hir2-osram","status":"publish","type":"product","link":"https:\/\/automatic.ee\/en\/toode\/ledriving-hb4-hir2-osram\/","title":{"rendered":"LEDRIVING HB4 \/ HIR2 OSRAM"},"content":{"rendered":"<h4>Pirn LED (komplekt 2tk.) HB4\/HIR2 12V 19W P22D\/PX22D ilma teels\u00f5idu heakskiiduta LEDriving HL BRIGHT<\/h4>\n<p>Suure j\u00f5udlusega LED-tulelatern, mis tagab parema n\u00e4htavuse ja stiilse v\u00e4limuse<\/p>\n<p>Kuni +300% suurema heledusega  OSRAM LEDriving HL BRIGHT  lamp tagab optimaalse n\u00e4htavuse ja v\u00f5imaldab seega juhtidel m\u00e4rke, takistusi ja ohte tavatuledest varem \u00e4ra tunda. See moderniseeritav LED-lamp ei loo mitte ainult stiilse ja moodsa v\u00e4limuse jaheda valge v\u00e4rvitemperatuuriga 6000K, vaid pakub t\u00e4nu optimeeritud valgusjaotusele ka v\u00e4iksemat s\u00e4ra. Esmaklassiline OSRAM kvaliteet ja LED-tehnoloogia tagavad kuni 5 korda pikema eluea (v\u00f5rreldes ECE R112-ga) ja parema n\u00e4htavuse t\u00e4nu p\u00e4evavalgusele. Lambipaaril on 4-aastane OSRAM-i garantii. T\u00e4psed garantiitingimused leiate veebisaidilt www.osram.com\/am-guarantee. OSRAMi LEDriving HL BRIGHT kaug- ja l\u00e4hituled asendavad tavap\u00e4raseid halogeenlampe ja \u00fchilduvad 12 V pingega. Uusima LED-tehnoloogia ja v\u00e4ga kompaktse disainiga lambid v\u00f5imaldavad head \u00fchilduvust ja lihtsat paigaldamist vastavate halogeenlampide t\u00fc\u00fcpidega autodele. Nendel toodetel ei ole ECE heakskiitu ja neid ei tohi kasutada avalikel teedel v\u00e4listingimustes. Avalike teede kasutamine toob kaasa tegevusloa t\u00fchistamise ja kindlustuskaitse kaotamise. Mitmed riigid keelavad nende toodete m\u00fc\u00fcgi ja kasutamise. Lisateabe saamiseks v\u00f5tke \u00fchendust kohaliku edasim\u00fc\u00fcjaga.<\/p>\n<p>Tooteteave<\/p>\n<p>Tellimuse viide 9006DWBRT-2HFB<\/p>\n<p>Toote t\u00fc\u00fcp (maastik vs. maantee) Maastikus\u00f5it \u2259 HB4\/HIR2<\/p>\n<p>Kasutusala (kategooria- ja tootep\u00f5hine) Kasutatakse peamiselt l\u00e4hi-, kaug- ja udutulede jaoks<\/p>\n<p>Elektrilised andmed<\/p>\n<p>Sisendv\u00f5imsus 19 W<\/p>\n<p>Nimipinge 12,0 V<\/p>\n<p>Nimiv\u00f5imsus 19,00 W<\/p>\n<p>Fotomeetrilised andmed<\/p>\n<p>Valgusvoog 1900 lm<\/p>\n<p>Valgusvoo tolerants \u00b120 %<\/p>\n<p>V\u00e4rvitemperatuur 6000 K<\/p>\n<p>Valguse v\u00e4rvus LED jahe valge<\/p>\n<p>M\u00f5\u00f5dud &amp; kaal<\/p>\n<p>Pikkus 76,2 mm<\/p>\n<p>L\u00e4bim\u00f5\u00f5t 14,0 mm<\/p>\n<p>Toote kaal 70,00 g<\/p>\n<p>Eluaeg<\/p>\n<p>Eluiga Tc 5000 h<\/p>\n<p>Garantii 4 aastat<\/p>\n<p>Toote lisaandmed<\/p>\n<p>Sokkel (standardt\u00e4his) P22d \/ PX22d<\/p>\n<p>V\u00f5imalused<\/p>\n<p>Tehnoloogia LED<\/p>\n<p>Riigip\u00f5hised kategooriad<\/p>\n<p>Tellimuse viide 9006DWBRT-2HFB<\/p>\n","protected":false},"excerpt":{"rendered":"<p>9006DWBRT-2HFB<\/p>\n","protected":false},"featured_media":107442,"comment_status":"open","ping_status":"closed","template":"","meta":{"colormag_page_container_layout":"default_layout","colormag_page_sidebar_layout":"default_layout"},"product_brand":[],"product_cat":[146],"product_tag":[],"class_list":{"0":"post-107445","1":"product","2":"type-product","3":"status-publish","4":"has-post-thumbnail","6":"product_cat-led-pirnid-pirnid-xenon","8":"first","9":"instock","10":"shipping-taxable","11":"purchasable","12":"product-type-simple"},"_links":{"self":[{"href":"https:\/\/automatic.ee\/en\/wp-json\/wp\/v2\/product\/107445","targetHints":{"allow":["GET"]}}],"collection":[{"href":"https:\/\/automatic.ee\/en\/wp-json\/wp\/v2\/product"}],"about":[{"href":"https:\/\/automatic.ee\/en\/wp-json\/wp\/v2\/types\/product"}],"replies":[{"embeddable":true,"href":"https:\/\/automatic.ee\/en\/wp-json\/wp\/v2\/comments?post=107445"}],"wp:featuredmedia":[{"embeddable":true,"href":"https:\/\/automatic.ee\/en\/wp-json\/wp\/v2\/media\/107442"}],"wp:attachment":[{"href":"https:\/\/automatic.ee\/en\/wp-json\/wp\/v2\/media?parent=107445"}],"wp:term":[{"taxonomy":"product_brand","embeddable":true,"href":"https:\/\/automatic.ee\/en\/wp-json\/wp\/v2\/product_brand?post=107445"},{"taxonomy":"product_cat","embeddable":true,"href":"https:\/\/automatic.ee\/en\/wp-json\/wp\/v2\/product_cat?post=107445"},{"taxonomy":"product_tag","embeddable":true,"href":"https:\/\/automatic.ee\/en\/wp-json\/wp\/v2\/product_tag?post=107445"}],"curies":[{"name":"wp","href":"https:\/\/api.w.org\/{rel}","templated":true}]}}