{"id":107441,"date":"2025-11-04T04:24:49","date_gmt":"2025-11-04T02:24:49","guid":{"rendered":"https:\/\/automatic.ee\/toode\/h13-p26-led-osram\/"},"modified":"2025-11-04T04:24:49","modified_gmt":"2025-11-04T02:24:49","slug":"h13-p26-led-osram","status":"publish","type":"product","link":"https:\/\/automatic.ee\/en\/toode\/h13-p26-led-osram\/","title":{"rendered":"H13 P26 LED OSRAM"},"content":{"rendered":"<h4>LED LEDriving\u00ae HL BRIGHT H13 12V 1500\/1000lm 6000K 2tk<\/h4>\n<p>Suure j\u00f5udlusega LED-tulelatern, mis tagab parema n\u00e4htavuse ja stiilse v\u00e4limuseKuni +300% suurema heledusega (v\u00f5rreldes ECE R112-ga, H7\/H18 ja H4\/H19 jaoks) tagab OSRAM LEDriving HL BRIGHT tagantj\u00e4rele paigaldatav lamp optimaalse n\u00e4htavuse ja v\u00f5imaldab seega juhtidel m\u00e4rke, takistusi ja ohte tavatuledest varem \u00e4ra tunda. See moderniseeritav LED-lamp ei loo mitte ainult stiilse ja moodsa v\u00e4limuse jaheda valge v\u00e4rvitemperatuuriga 6000K, vaid pakub t\u00e4nu optimeeritud valgusjaotusele ka v\u00e4iksemat s\u00e4ra. Esmaklassiline OSRAM-kvaliteet ja LED-tehnoloogia tagavad kuni 5 korda pikema eluea (v\u00f5rreldes ECE R112-ga) ja parema n\u00e4htavuse t\u00e4nu p\u00e4evavalgusele. Lambipaaril on 4-aastane OSRAM-i garantii. T\u00e4psed garantiitingimused leiate veebisaidilt www.osram.com\/am-guarantee.<\/p>\n<p>OSRAMi LEDriving HL BRIGHT kaug- ja l\u00e4hituled asendavad tavap\u00e4raseid halogeenlampe ja \u00fchilduvad 12 V pingega. Uusima LED-tehnoloogia ja v\u00e4ga kompaktse disainiga lambid v\u00f5imaldavad head \u00fchilduvust ja lihtsat paigaldamist vastavate halogeenlampide t\u00fc\u00fcpidega autodele. Nendel toodetel ei ole ECE heakskiitu ja neid ei tohi kasutada avalikel teedel v\u00e4listingimustes. Avalike teede kasutamine toob kaasa tegevusloa t\u00fchistamise ja kindlustuskaitse kaotamise. Mitmed riigid keelavad nende toodete m\u00fc\u00fcgi ja kasutamise. Lisateabe saamiseks v\u00f5tke \u00fchendust kohaliku edasim\u00fc\u00fcjaga.<\/p>\n<p>Tooteteave<\/p>\n<p>Toote t\u00fc\u00fcp (maastur vs. maantee) Maastikul \u2259 H13<\/p>\n<p>Kasutusala (kategooria- ja tootep\u00f5hine) Kasutatakse peamiselt l\u00e4hi-, kaug- ja udutulede jaoks<\/p>\n<p>rakendusi<\/p>\n<p>Elektrilised andmed<\/p>\n<p>Sisendv\u00f5imsus 15 \/ 10 W<\/p>\n<p>Nimipinge 12,0 V<\/p>\n<p>Nimiv\u00f5imsus 10\/15 W<\/p>\n<p>Fotomeetrilised andmed<\/p>\n<p>Valgusvoog 1500\/1000 lm<\/p>\n<p>Valgusvoo tolerants \u00b120 %<\/p>\n<p>V\u00e4rvitemperatuur 6000 K<\/p>\n<p>Valguse v\u00e4rvus LED jahe valge<\/p>\n<p>Pikkus 86,2 mm<\/p>\n<p>L\u00e4bim\u00f5\u00f5t 14,0 mm<\/p>\n<p>Toote kaal 88,00 g<\/p>\n<p>Eluaeg<\/p>\n<p>Eluiga Tc 5000 h<\/p>\n<p>Garantii 4 aastat<\/p>\n<p>Sokkel (standardt\u00e4his) P26.4t<\/p>\n<p>V\u00f5imalused<\/p>\n<p>Tehnoloogia LED<\/p>\n<p>Riigip\u00f5hised kategooriad<\/p>\n<p>Tellimuse viide 9008DWBRT<\/p>\n","protected":false},"excerpt":{"rendered":"<p>9008DWBRT-2HFB<\/p>\n","protected":false},"featured_media":107438,"comment_status":"open","ping_status":"closed","template":"","meta":{"colormag_page_container_layout":"default_layout","colormag_page_sidebar_layout":"default_layout"},"product_brand":[],"product_cat":[146],"product_tag":[],"class_list":{"0":"post-107441","1":"product","2":"type-product","3":"status-publish","4":"has-post-thumbnail","6":"product_cat-led-pirnid-pirnid-xenon","8":"first","9":"instock","10":"shipping-taxable","11":"purchasable","12":"product-type-simple"},"_links":{"self":[{"href":"https:\/\/automatic.ee\/en\/wp-json\/wp\/v2\/product\/107441","targetHints":{"allow":["GET"]}}],"collection":[{"href":"https:\/\/automatic.ee\/en\/wp-json\/wp\/v2\/product"}],"about":[{"href":"https:\/\/automatic.ee\/en\/wp-json\/wp\/v2\/types\/product"}],"replies":[{"embeddable":true,"href":"https:\/\/automatic.ee\/en\/wp-json\/wp\/v2\/comments?post=107441"}],"wp:featuredmedia":[{"embeddable":true,"href":"https:\/\/automatic.ee\/en\/wp-json\/wp\/v2\/media\/107438"}],"wp:attachment":[{"href":"https:\/\/automatic.ee\/en\/wp-json\/wp\/v2\/media?parent=107441"}],"wp:term":[{"taxonomy":"product_brand","embeddable":true,"href":"https:\/\/automatic.ee\/en\/wp-json\/wp\/v2\/product_brand?post=107441"},{"taxonomy":"product_cat","embeddable":true,"href":"https:\/\/automatic.ee\/en\/wp-json\/wp\/v2\/product_cat?post=107441"},{"taxonomy":"product_tag","embeddable":true,"href":"https:\/\/automatic.ee\/en\/wp-json\/wp\/v2\/product_tag?post=107441"}],"curies":[{"name":"wp","href":"https:\/\/api.w.org\/{rel}","templated":true}]}}