{"id":106697,"date":"2025-11-04T04:12:11","date_gmt":"2025-11-04T02:12:11","guid":{"rendered":"https:\/\/automatic.ee\/toode\/katuseboks-440l-must\/"},"modified":"2025-11-04T04:12:11","modified_gmt":"2025-11-04T02:12:11","slug":"katuseboks-440l-must","status":"publish","type":"product","link":"https:\/\/automatic.ee\/en\/toode\/katuseboks-440l-must\/","title":{"rendered":"KATUSEBOKS 440L MUST"},"content":{"rendered":"<p>Katuseboks on valmistatud vastupidavast plastikust, millel on hea l\u00f6\u00f6gikindlus ja mis on vastupidav igasugustele ilmastikutingimustele. Must l\u00e4ikiv korpus, kaasaegne disain. Kast paigaldatakse risttaladele ilma t\u00e4iendavate t\u00f6\u00f6riistadeta.<\/p>\n","protected":false},"excerpt":{"rendered":"<p>AMOS9000B<\/p>\n","protected":false},"featured_media":106694,"comment_status":"open","ping_status":"closed","template":"","meta":{"colormag_page_container_layout":"default_layout","colormag_page_sidebar_layout":"default_layout"},"product_brand":[],"product_cat":[136],"product_tag":[],"class_list":{"0":"post-106697","1":"product","2":"type-product","3":"status-publish","4":"has-post-thumbnail","6":"product_cat-lisavarustus","8":"first","9":"instock","10":"shipping-taxable","11":"purchasable","12":"product-type-simple"},"_links":{"self":[{"href":"https:\/\/automatic.ee\/en\/wp-json\/wp\/v2\/product\/106697","targetHints":{"allow":["GET"]}}],"collection":[{"href":"https:\/\/automatic.ee\/en\/wp-json\/wp\/v2\/product"}],"about":[{"href":"https:\/\/automatic.ee\/en\/wp-json\/wp\/v2\/types\/product"}],"replies":[{"embeddable":true,"href":"https:\/\/automatic.ee\/en\/wp-json\/wp\/v2\/comments?post=106697"}],"wp:featuredmedia":[{"embeddable":true,"href":"https:\/\/automatic.ee\/en\/wp-json\/wp\/v2\/media\/106694"}],"wp:attachment":[{"href":"https:\/\/automatic.ee\/en\/wp-json\/wp\/v2\/media?parent=106697"}],"wp:term":[{"taxonomy":"product_brand","embeddable":true,"href":"https:\/\/automatic.ee\/en\/wp-json\/wp\/v2\/product_brand?post=106697"},{"taxonomy":"product_cat","embeddable":true,"href":"https:\/\/automatic.ee\/en\/wp-json\/wp\/v2\/product_cat?post=106697"},{"taxonomy":"product_tag","embeddable":true,"href":"https:\/\/automatic.ee\/en\/wp-json\/wp\/v2\/product_tag?post=106697"}],"curies":[{"name":"wp","href":"https:\/\/api.w.org\/{rel}","templated":true}]}}