{"id":106485,"date":"2025-11-04T04:08:50","date_gmt":"2025-11-04T02:08:50","guid":{"rendered":"https:\/\/automatic.ee\/toode\/kvartsvaha-kontsentraat-250ml\/"},"modified":"2025-11-04T04:08:50","modified_gmt":"2025-11-04T02:08:50","slug":"kvartsvaha-kontsentraat-250ml","status":"publish","type":"product","link":"https:\/\/automatic.ee\/en\/toode\/kvartsvaha-kontsentraat-250ml\/","title":{"rendered":"KVARTSVAHA KONTSENTRAAT 250ML"},"content":{"rendered":"<p>Kvartskatte kontsentraat, millel on tugev h\u00fcdrofoobne toime ja l\u00e4ige  Hydro Coat (HC) loob sekunditega mikrokihi, mis tagab mustuse ja vetth\u00fclgava efekti. Uuenduslik t\u00f6\u00f6riist on v\u00e4lja t\u00f6\u00f6tatud k\u00f5igi professionaalsete kaitsekatete ennetamiseks autopesulakompleksi tingimustes. Sobib j\u00e4rgmistele pindadele: auto kere, v\u00e4limine plastik, klaas, rehvid ja veljed. T\u00f6\u00f6riist on vastupidav leelistele ja muule agressiivsele teekeemiale. Pikk kasutusiga (kuni 3 kuud). Koostis: \u226530% orgaanilised lahustid; \u22655%, kuid 15%: puhastatud vesi, orgaaniline r\u00e4ni pol\u00fcmeer, fluori sisaldav pol\u00fcmeer, mitteioonne pindaktiivne aine; &lt;5%: aromaatsete ja alifaatsete s\u00fcsivesinike segu.<\/p>\n<p>Kasutusviis:<\/p>\n<p>  1. Peske autot Teile sobival viisil, kasutades Active Safe (AS) ja Second Phase (SP). Loputage Auto\u0161ampoon auto pinnalt. 2. Lahjendage kompositsioon veega vahekorras 1: 10. Valmis kompositsiooni keskmine tarbimine: 100-150 ml (keskklassi auto). 3. Kasutage pihustiga mahutit. Enne pealekandmist raputage. 4. Ootamata auto kuivamist, pihustage \u00fchendit kogu pinnale (kandke soovi korral rehvidele ja velgedele). 5. Ootamata kompositsiooni kuivamist, loputage t\u00f6\u00f6deldud pind r\u00f5hu all veega.<\/p>\n","protected":false},"excerpt":{"rendered":"<p>DT-0102<\/p>\n","protected":false},"featured_media":106482,"comment_status":"open","ping_status":"closed","template":"","meta":{"colormag_page_container_layout":"default_layout","colormag_page_sidebar_layout":"default_layout"},"product_brand":[],"product_cat":[128,162],"product_tag":[],"class_list":{"0":"post-106485","1":"product","2":"type-product","3":"status-publish","4":"has-post-thumbnail","6":"product_cat-autokeemia","7":"product_cat-grass-keemia-ja-detailing","9":"first","10":"instock","11":"shipping-taxable","12":"purchasable","13":"product-type-simple"},"_links":{"self":[{"href":"https:\/\/automatic.ee\/en\/wp-json\/wp\/v2\/product\/106485","targetHints":{"allow":["GET"]}}],"collection":[{"href":"https:\/\/automatic.ee\/en\/wp-json\/wp\/v2\/product"}],"about":[{"href":"https:\/\/automatic.ee\/en\/wp-json\/wp\/v2\/types\/product"}],"replies":[{"embeddable":true,"href":"https:\/\/automatic.ee\/en\/wp-json\/wp\/v2\/comments?post=106485"}],"wp:featuredmedia":[{"embeddable":true,"href":"https:\/\/automatic.ee\/en\/wp-json\/wp\/v2\/media\/106482"}],"wp:attachment":[{"href":"https:\/\/automatic.ee\/en\/wp-json\/wp\/v2\/media?parent=106485"}],"wp:term":[{"taxonomy":"product_brand","embeddable":true,"href":"https:\/\/automatic.ee\/en\/wp-json\/wp\/v2\/product_brand?post=106485"},{"taxonomy":"product_cat","embeddable":true,"href":"https:\/\/automatic.ee\/en\/wp-json\/wp\/v2\/product_cat?post=106485"},{"taxonomy":"product_tag","embeddable":true,"href":"https:\/\/automatic.ee\/en\/wp-json\/wp\/v2\/product_tag?post=106485"}],"curies":[{"name":"wp","href":"https:\/\/api.w.org\/{rel}","templated":true}]}}