{"id":106481,"date":"2025-11-04T04:08:46","date_gmt":"2025-11-04T02:08:46","guid":{"rendered":"https:\/\/automatic.ee\/toode\/sisepuhastusvahend-ultra-clean-500ml\/"},"modified":"2025-11-04T04:08:46","modified_gmt":"2025-11-04T02:08:46","slug":"sisepuhastusvahend-ultra-clean-500ml","status":"publish","type":"product","link":"https:\/\/automatic.ee\/en\/toode\/sisepuhastusvahend-ultra-clean-500ml\/","title":{"rendered":"SISEPUHASTUSVAHEND ULTRA CLEAN 500ML"},"content":{"rendered":"<p>UC universaalne puhastusvahend &#8220;Ultra Clean&#8221; 500 ml<\/p>\n<div>K\u00f5ik-\u00fches auto salongi puhastaja<\/div>\n<div>Ultra Clean (UC) on mitmek\u00fclgne, kasutusvalmis puhastusvahend igat t\u00fc\u00fcpi kangale, plastikule, katusepolstrile, ukseliistule, vaipkattele. Eemaldab t\u00f5husalt kangekaelse mustuse, ei j\u00e4ta j\u00e4lgi ega triipe. See ei pehmenda kangast, ei p\u00f5hjusta kanga polsterduse l\u00f5tvumist. Ei sisalda raskesti eemaldatavaid komponente.<\/div>\n<div>Kuidas kasutada:<\/div>\n<p>1. Kandke Ultra Clean (UC) m\u00e4\u00e4rdunud pinnale. Vajadusel kasutage pehmet k\u00e4sna v\u00f5i harja. 2. Ootamata kompositsiooni kuivamist, p\u00fchkige t\u00f6\u00f6deldud ala niiske mikrokiudr\u00e4tikuga.<\/p>\n<p>DT-0108<\/p>\n<p>DETAIL<\/p>\n","protected":false},"excerpt":{"rendered":"<p>DT-0108<\/p>\n","protected":false},"featured_media":106478,"comment_status":"open","ping_status":"closed","template":"","meta":{"colormag_page_container_layout":"default_layout","colormag_page_sidebar_layout":"default_layout"},"product_brand":[],"product_cat":[128,162],"product_tag":[],"class_list":{"0":"post-106481","1":"product","2":"type-product","3":"status-publish","4":"has-post-thumbnail","6":"product_cat-autokeemia","7":"product_cat-grass-keemia-ja-detailing","9":"first","10":"instock","11":"shipping-taxable","12":"purchasable","13":"product-type-simple"},"_links":{"self":[{"href":"https:\/\/automatic.ee\/en\/wp-json\/wp\/v2\/product\/106481","targetHints":{"allow":["GET"]}}],"collection":[{"href":"https:\/\/automatic.ee\/en\/wp-json\/wp\/v2\/product"}],"about":[{"href":"https:\/\/automatic.ee\/en\/wp-json\/wp\/v2\/types\/product"}],"replies":[{"embeddable":true,"href":"https:\/\/automatic.ee\/en\/wp-json\/wp\/v2\/comments?post=106481"}],"wp:featuredmedia":[{"embeddable":true,"href":"https:\/\/automatic.ee\/en\/wp-json\/wp\/v2\/media\/106478"}],"wp:attachment":[{"href":"https:\/\/automatic.ee\/en\/wp-json\/wp\/v2\/media?parent=106481"}],"wp:term":[{"taxonomy":"product_brand","embeddable":true,"href":"https:\/\/automatic.ee\/en\/wp-json\/wp\/v2\/product_brand?post=106481"},{"taxonomy":"product_cat","embeddable":true,"href":"https:\/\/automatic.ee\/en\/wp-json\/wp\/v2\/product_cat?post=106481"},{"taxonomy":"product_tag","embeddable":true,"href":"https:\/\/automatic.ee\/en\/wp-json\/wp\/v2\/product_tag?post=106481"}],"curies":[{"name":"wp","href":"https:\/\/api.w.org\/{rel}","templated":true}]}}