{"id":106461,"date":"2025-11-04T04:08:19","date_gmt":"2025-11-04T02:08:19","guid":{"rendered":"https:\/\/automatic.ee\/toode\/vihmaeemaldusvahend-250ml\/"},"modified":"2025-11-04T04:08:19","modified_gmt":"2025-11-04T02:08:19","slug":"vihmaeemaldusvahend-250ml","status":"publish","type":"product","link":"https:\/\/automatic.ee\/en\/toode\/vihmaeemaldusvahend-250ml\/","title":{"rendered":"VIHMAEEMALDUSVAHEND 250ML"},"content":{"rendered":"<p>\u00dclit\u00f5hus, kuid h\u00f5lpsasti kasutatav Nano Glass (NG) on m\u00f5eldud k\u00f5ikidele klaaspindadele. See toimib klaasi mikropooride ja mikrokiipide t\u00e4itmisega ning moodustab n\u00e4htamatu kile. Vihm ja mustus rulluvad t\u00f6\u00f6deldud pinnalt maha, j\u00e4ttes selle pikemaks ajaks puhtaks.<\/p>\n<p><\/p>\n<div>Kuidas kasutada:<\/div>\n<p>1. Rasvatage pind eemaldajaga (RE). 2. Kandke preparaat aplikaatorile ja kandke \u00fchtlaselt klaasipinnale. 3. Poleerige \u00fchend 10-15 minuti p\u00e4rast kuiva ja puhta mikrokiuga<\/p>\n","protected":false},"excerpt":{"rendered":"<p>DT-0119<\/p>\n","protected":false},"featured_media":106458,"comment_status":"open","ping_status":"closed","template":"","meta":{"colormag_page_container_layout":"default_layout","colormag_page_sidebar_layout":"default_layout"},"product_brand":[],"product_cat":[128,162],"product_tag":[],"class_list":{"0":"post-106461","1":"product","2":"type-product","3":"status-publish","4":"has-post-thumbnail","6":"product_cat-autokeemia","7":"product_cat-grass-keemia-ja-detailing","9":"first","10":"instock","11":"shipping-taxable","12":"purchasable","13":"product-type-simple"},"_links":{"self":[{"href":"https:\/\/automatic.ee\/en\/wp-json\/wp\/v2\/product\/106461","targetHints":{"allow":["GET"]}}],"collection":[{"href":"https:\/\/automatic.ee\/en\/wp-json\/wp\/v2\/product"}],"about":[{"href":"https:\/\/automatic.ee\/en\/wp-json\/wp\/v2\/types\/product"}],"replies":[{"embeddable":true,"href":"https:\/\/automatic.ee\/en\/wp-json\/wp\/v2\/comments?post=106461"}],"wp:featuredmedia":[{"embeddable":true,"href":"https:\/\/automatic.ee\/en\/wp-json\/wp\/v2\/media\/106458"}],"wp:attachment":[{"href":"https:\/\/automatic.ee\/en\/wp-json\/wp\/v2\/media?parent=106461"}],"wp:term":[{"taxonomy":"product_brand","embeddable":true,"href":"https:\/\/automatic.ee\/en\/wp-json\/wp\/v2\/product_brand?post=106461"},{"taxonomy":"product_cat","embeddable":true,"href":"https:\/\/automatic.ee\/en\/wp-json\/wp\/v2\/product_cat?post=106461"},{"taxonomy":"product_tag","embeddable":true,"href":"https:\/\/automatic.ee\/en\/wp-json\/wp\/v2\/product_tag?post=106461"}],"curies":[{"name":"wp","href":"https:\/\/api.w.org\/{rel}","templated":true}]}}