{"id":106453,"date":"2025-11-04T04:08:09","date_gmt":"2025-11-04T02:08:09","guid":{"rendered":"https:\/\/automatic.ee\/toode\/super-wax-kaitsevaha-kontsentraat-500ml\/"},"modified":"2025-11-04T04:08:09","modified_gmt":"2025-11-04T02:08:09","slug":"super-wax-kaitsevaha-kontsentraat-500ml","status":"publish","type":"product","link":"https:\/\/automatic.ee\/en\/toode\/super-wax-kaitsevaha-kontsentraat-500ml\/","title":{"rendered":"SUPER WAX KAITSEVAHA KONTSENTRAAT 500ML"},"content":{"rendered":"<p>Uue p\u00f5lvkonna kontsentreeritud toode auto pinna pikaajaliseks s\u00e4ilitamiseks p\u00e4rast pesemist. See moodustab k\u00f5ige \u00f5hema kaitsekile, millel on k\u00f5rge veekindlus, mis tagab kiire kuivamise ja loob antistaatilise efekti. See kaitseb t\u00f6\u00f6deldud pinda vee, mustuse, kemikaalide ja muude v\u00e4lism\u00f5jude tungimise eest pikka aega. Annab s\u00fcgava peegli s\u00e4ra. Regulaarsel kasutamisel kaitseb see v\u00e4rvi pleekimise ja pragunemise eest. pH: 6.<\/p>\n<p><\/p>\n<div>Kuidas kasutada:<\/div>\n<p>1. Tehke kahefaasiline autopesu eelpesuvahendiga (Active Safe (AS) v\u00f5i Ultra Safe (USA)) ja k\u00e4sipesu\u0161ampooniga, mis ei sisalda silikoone ega l\u00e4iketugevdajaid (Second Phase (SP) v\u00f5i Acid Shampoo (AD)). 2. Kandke kompositsioon pihusti v\u00f5i vahtkomplektiga pinnale ja oodake 2-3 minutit (kontsentratsiooni arvutamine vees: 1:300-1:500 pihusti puhul; 1:30-1:50 vahtkomplekti puhul).3. Loputage veega ja kuivatage auto kuiva mikrokiudr\u00e4tikuga. Enne aretamist raputage kindlasti!<\/p>\n","protected":false},"excerpt":{"rendered":"<p>DT-0124<\/p>\n","protected":false},"featured_media":106450,"comment_status":"open","ping_status":"closed","template":"","meta":{"colormag_page_container_layout":"default_layout","colormag_page_sidebar_layout":"default_layout"},"product_brand":[],"product_cat":[128,162],"product_tag":[],"class_list":{"0":"post-106453","1":"product","2":"type-product","3":"status-publish","4":"has-post-thumbnail","6":"product_cat-autokeemia","7":"product_cat-grass-keemia-ja-detailing","9":"first","10":"instock","11":"shipping-taxable","12":"purchasable","13":"product-type-simple"},"_links":{"self":[{"href":"https:\/\/automatic.ee\/en\/wp-json\/wp\/v2\/product\/106453","targetHints":{"allow":["GET"]}}],"collection":[{"href":"https:\/\/automatic.ee\/en\/wp-json\/wp\/v2\/product"}],"about":[{"href":"https:\/\/automatic.ee\/en\/wp-json\/wp\/v2\/types\/product"}],"replies":[{"embeddable":true,"href":"https:\/\/automatic.ee\/en\/wp-json\/wp\/v2\/comments?post=106453"}],"wp:featuredmedia":[{"embeddable":true,"href":"https:\/\/automatic.ee\/en\/wp-json\/wp\/v2\/media\/106450"}],"wp:attachment":[{"href":"https:\/\/automatic.ee\/en\/wp-json\/wp\/v2\/media?parent=106453"}],"wp:term":[{"taxonomy":"product_brand","embeddable":true,"href":"https:\/\/automatic.ee\/en\/wp-json\/wp\/v2\/product_brand?post=106453"},{"taxonomy":"product_cat","embeddable":true,"href":"https:\/\/automatic.ee\/en\/wp-json\/wp\/v2\/product_cat?post=106453"},{"taxonomy":"product_tag","embeddable":true,"href":"https:\/\/automatic.ee\/en\/wp-json\/wp\/v2\/product_tag?post=106453"}],"curies":[{"name":"wp","href":"https:\/\/api.w.org\/{rel}","templated":true}]}}