{"id":106449,"date":"2025-11-04T04:08:04","date_gmt":"2025-11-04T02:08:04","guid":{"rendered":"https:\/\/automatic.ee\/toode\/kiire-poleerimine-500ml\/"},"modified":"2025-11-04T04:08:04","modified_gmt":"2025-11-04T02:08:04","slug":"kiire-poleerimine-500ml","status":"publish","type":"product","link":"https:\/\/automatic.ee\/en\/toode\/kiire-poleerimine-500ml\/","title":{"rendered":"KIIRE POLEERIMINE 500ML"},"content":{"rendered":"<p>Kiire poleerimine (FP) taastab kiiresti ja lihtsalt v\u00e4rvkatte l\u00e4ike ning v\u00e4rskendab tuhmunud kehaosi. Toote spetsiaalsed koostisosad kaitsevad pinda ja t\u00f5rjuvad vett, kiirendades kuivamisprotsessi.<\/p>\n<p><\/p>\n<div>Kuidas kasutada:<\/div>\n<p>1. Tehke kahefaasiline pesu eelpesuseguga (Active Safe (AS) v\u00f5i Ultra Safe (USA)) ja k\u00e4sipesu\u0161ampooniga ilma silikoonide ja l\u00e4iketugevdajateta (Second Phase (SP) v\u00f5i Acid Shampoo (AD)) ning kuivatage s\u00f5iduk. 2. Raputage pudelit ja pihustage preparaat puhtale mikrokiudr\u00e4tikule. 3. Levitage \u00fchend auto kere pinnale. 4. Poleerige segu puhta ja kuiva mikrokiudr\u00e4tikuga.<\/p>\n","protected":false},"excerpt":{"rendered":"<p>DT-0127<\/p>\n","protected":false},"featured_media":106446,"comment_status":"open","ping_status":"closed","template":"","meta":{"colormag_page_container_layout":"default_layout","colormag_page_sidebar_layout":"default_layout"},"product_brand":[],"product_cat":[128,162],"product_tag":[],"class_list":{"0":"post-106449","1":"product","2":"type-product","3":"status-publish","4":"has-post-thumbnail","6":"product_cat-autokeemia","7":"product_cat-grass-keemia-ja-detailing","9":"first","10":"instock","11":"shipping-taxable","12":"purchasable","13":"product-type-simple"},"_links":{"self":[{"href":"https:\/\/automatic.ee\/en\/wp-json\/wp\/v2\/product\/106449","targetHints":{"allow":["GET"]}}],"collection":[{"href":"https:\/\/automatic.ee\/en\/wp-json\/wp\/v2\/product"}],"about":[{"href":"https:\/\/automatic.ee\/en\/wp-json\/wp\/v2\/types\/product"}],"replies":[{"embeddable":true,"href":"https:\/\/automatic.ee\/en\/wp-json\/wp\/v2\/comments?post=106449"}],"wp:featuredmedia":[{"embeddable":true,"href":"https:\/\/automatic.ee\/en\/wp-json\/wp\/v2\/media\/106446"}],"wp:attachment":[{"href":"https:\/\/automatic.ee\/en\/wp-json\/wp\/v2\/media?parent=106449"}],"wp:term":[{"taxonomy":"product_brand","embeddable":true,"href":"https:\/\/automatic.ee\/en\/wp-json\/wp\/v2\/product_brand?post=106449"},{"taxonomy":"product_cat","embeddable":true,"href":"https:\/\/automatic.ee\/en\/wp-json\/wp\/v2\/product_cat?post=106449"},{"taxonomy":"product_tag","embeddable":true,"href":"https:\/\/automatic.ee\/en\/wp-json\/wp\/v2\/product_tag?post=106449"}],"curies":[{"name":"wp","href":"https:\/\/api.w.org\/{rel}","templated":true}]}}