{"id":106445,"date":"2025-11-04T04:07:59","date_gmt":"2025-11-04T02:07:59","guid":{"rendered":"https:\/\/automatic.ee\/toode\/mootori-sailitusaine-500ml\/"},"modified":"2025-11-04T04:07:59","modified_gmt":"2025-11-04T02:07:59","slug":"mootori-sailitusaine-500ml","status":"publish","type":"product","link":"https:\/\/automatic.ee\/en\/toode\/mootori-sailitusaine-500ml\/","title":{"rendered":"MOOTORI S\u00c4ILITUSAINE 500ML"},"content":{"rendered":"<p>Motor Con\u0441ervant (MC) on s\u00e4ilitusaine mootoriruumi t\u00f6\u00f6tlemiseks. Pinnale moodustunud vastupidav elastne kaitsekile kaitseb korrosiooni, temperatuurimuutuste ja j\u00e4\u00e4tumisvastaste ainete eest. Nihutab niiskust kiiresti ja t\u00f5husalt. Tagastab t\u00f6\u00f6deldud osade esialgse v\u00e4limuse. P\u00e4rast t\u00e4ielikku kuivatamist takistab see mustuse ja \u00f5lide settimist ning lihtsustab j\u00e4rgnevat puhastamist. See tungib kergesti raskesti ligip\u00e4\u00e4setavatesse kohtadesse.<\/p>\n<p><\/p>\n<div>Kuidas kasutada:<\/div>\n<div>1. Puhastage pind mootori (MT) \u00fchendiga vastavalt juhistele. 2. Spray Motor Concervant (MC) v\u00e4hemalt 15-20 cm kauguselt mootoriruumi pinnalt. 3. Laske \u00fchendil 30-45 minutit loomulikult kuivada, seej\u00e4rel eemaldage liigne koostis mikrokiudr\u00e4tikuga.<\/div>\n","protected":false},"excerpt":{"rendered":"<p>DT-0137<\/p>\n","protected":false},"featured_media":106442,"comment_status":"open","ping_status":"closed","template":"","meta":{"colormag_page_container_layout":"default_layout","colormag_page_sidebar_layout":"default_layout"},"product_brand":[],"product_cat":[128,162],"product_tag":[],"class_list":{"0":"post-106445","1":"product","2":"type-product","3":"status-publish","4":"has-post-thumbnail","6":"product_cat-autokeemia","7":"product_cat-grass-keemia-ja-detailing","9":"first","10":"instock","11":"shipping-taxable","12":"purchasable","13":"product-type-simple"},"_links":{"self":[{"href":"https:\/\/automatic.ee\/en\/wp-json\/wp\/v2\/product\/106445","targetHints":{"allow":["GET"]}}],"collection":[{"href":"https:\/\/automatic.ee\/en\/wp-json\/wp\/v2\/product"}],"about":[{"href":"https:\/\/automatic.ee\/en\/wp-json\/wp\/v2\/types\/product"}],"replies":[{"embeddable":true,"href":"https:\/\/automatic.ee\/en\/wp-json\/wp\/v2\/comments?post=106445"}],"wp:featuredmedia":[{"embeddable":true,"href":"https:\/\/automatic.ee\/en\/wp-json\/wp\/v2\/media\/106442"}],"wp:attachment":[{"href":"https:\/\/automatic.ee\/en\/wp-json\/wp\/v2\/media?parent=106445"}],"wp:term":[{"taxonomy":"product_brand","embeddable":true,"href":"https:\/\/automatic.ee\/en\/wp-json\/wp\/v2\/product_brand?post=106445"},{"taxonomy":"product_cat","embeddable":true,"href":"https:\/\/automatic.ee\/en\/wp-json\/wp\/v2\/product_cat?post=106445"},{"taxonomy":"product_tag","embeddable":true,"href":"https:\/\/automatic.ee\/en\/wp-json\/wp\/v2\/product_tag?post=106445"}],"curies":[{"name":"wp","href":"https:\/\/api.w.org\/{rel}","templated":true}]}}