{"id":106441,"date":"2025-11-04T04:07:55","date_gmt":"2025-11-04T02:07:55","guid":{"rendered":"https:\/\/automatic.ee\/toode\/apelsini-univers-sisepuhast-vahend-500ml\/"},"modified":"2025-11-04T04:07:55","modified_gmt":"2025-11-04T02:07:55","slug":"apelsini-univers-sisepuhast-vahend-500ml","status":"publish","type":"product","link":"https:\/\/automatic.ee\/en\/toode\/apelsini-univers-sisepuhast-vahend-500ml\/","title":{"rendered":"APELSINI UNIVERS. SISEPUHAST.VAHEND 500ML"},"content":{"rendered":"<p>Og &#8220;Orange&#8221; puhastusvahend, mis p\u00f5hineb looduslikel apelsiniekstraktidel. Eemaldab vastupidavad saasteained vin\u00fc\u00fclmaterjalidest, vaipkattest, klaaspindadest, metallist, plastist, kummist, lakist, tekstiilist. Ei kahjusta pinda. K\u00f5rvaldab t\u00f5husalt j\u00e4rgmist t\u00fc\u00fcpi saasteained: tint, vaha, huulepulk, liimij\u00e4\u00e4gid, kleebiste j\u00e4\u00e4gid, bituumen, kumm, vaik, \u00f5li, rasv. OG &#8220;Orange&#8221; on meeldiv apelsini l\u00f5hn. Koostis: \u226530% orgaanilised lahustid; 5% l\u00f5hna-ja maitseaine.<\/p>\n<p>Kasutusmeetod:<\/p>\n<p> 1. Pihustage kompositsioon kuivale pinnale 2. Oodake 1-2 minutit 3. P\u00fchkige saasteala p\u00f5hjalikult puhta v\u00e4rvimata tekstiilist salvr\u00e4tikuga. Iga saastekihi eemaldamisel kasutage salfekti puhast k\u00fclge. 4. S\u00fcgava reostuse j\u00e4\u00e4kide 100% eemaldamiseks puhastage pind puhastava tolmuimejaga.<\/p>\n","protected":false},"excerpt":{"rendered":"<p>DT-0141<\/p>\n","protected":false},"featured_media":106438,"comment_status":"open","ping_status":"closed","template":"","meta":{"colormag_page_container_layout":"default_layout","colormag_page_sidebar_layout":"default_layout"},"product_brand":[],"product_cat":[128,162],"product_tag":[],"class_list":{"0":"post-106441","1":"product","2":"type-product","3":"status-publish","4":"has-post-thumbnail","6":"product_cat-autokeemia","7":"product_cat-grass-keemia-ja-detailing","9":"first","10":"instock","11":"shipping-taxable","12":"purchasable","13":"product-type-simple"},"_links":{"self":[{"href":"https:\/\/automatic.ee\/en\/wp-json\/wp\/v2\/product\/106441","targetHints":{"allow":["GET"]}}],"collection":[{"href":"https:\/\/automatic.ee\/en\/wp-json\/wp\/v2\/product"}],"about":[{"href":"https:\/\/automatic.ee\/en\/wp-json\/wp\/v2\/types\/product"}],"replies":[{"embeddable":true,"href":"https:\/\/automatic.ee\/en\/wp-json\/wp\/v2\/comments?post=106441"}],"wp:featuredmedia":[{"embeddable":true,"href":"https:\/\/automatic.ee\/en\/wp-json\/wp\/v2\/media\/106438"}],"wp:attachment":[{"href":"https:\/\/automatic.ee\/en\/wp-json\/wp\/v2\/media?parent=106441"}],"wp:term":[{"taxonomy":"product_brand","embeddable":true,"href":"https:\/\/automatic.ee\/en\/wp-json\/wp\/v2\/product_brand?post=106441"},{"taxonomy":"product_cat","embeddable":true,"href":"https:\/\/automatic.ee\/en\/wp-json\/wp\/v2\/product_cat?post=106441"},{"taxonomy":"product_tag","embeddable":true,"href":"https:\/\/automatic.ee\/en\/wp-json\/wp\/v2\/product_tag?post=106441"}],"curies":[{"name":"wp","href":"https:\/\/api.w.org\/{rel}","templated":true}]}}