{"id":106437,"date":"2025-11-04T04:07:51","date_gmt":"2025-11-04T02:07:51","guid":{"rendered":"https:\/\/automatic.ee\/toode\/tire-rehvilaige-mustandaja-1l\/"},"modified":"2025-11-04T04:07:51","modified_gmt":"2025-11-04T02:07:51","slug":"tire-rehvilaige-mustandaja-1l","status":"publish","type":"product","link":"https:\/\/automatic.ee\/en\/toode\/tire-rehvilaige-mustandaja-1l\/","title":{"rendered":"TIRE REHVIL\u00c4IGE-MUSTANDAJA 1L"},"content":{"rendered":"<p>Rehv (TR) annab rehvidele koheselt suurep\u00e4rase v\u00e4limuse, taastab rehvide algse v\u00e4rvi. Pinnale tekkiv kaitsekile annab mustust t\u00f5rjuva ja h\u00fcdrofoobse efekti, pakkudes seel\u00e4bi kaitset pleekimise ja pragunemise eest.<\/p>\n<div>KASUTUSVIIS<\/div>\n<div><\/div>\n<p>Peske rehvide pind ja puhastage need mustusest, \u00f5list ja muudest v\u00f5\u00f5rosakestest. Kuivatage rehvi pind. \/ 2. Loksutage h\u00e4sti ja asetage segu rehvi pimendavale aplikaatorile. \/ 3. T\u00f6\u00f6delge rehvi pinda aplikaatoriga rehviga (TR). \/ 4. 5-10 minuti p\u00e4rast eemaldage \u00fchendi liigne kogus pinnalt kuiva mikrokiudr\u00e4tikuga.<\/p>\n","protected":false},"excerpt":{"rendered":"<p>DT-0161<\/p>\n","protected":false},"featured_media":106434,"comment_status":"open","ping_status":"closed","template":"","meta":{"colormag_page_container_layout":"default_layout","colormag_page_sidebar_layout":"default_layout"},"product_brand":[],"product_cat":[128,162],"product_tag":[],"class_list":{"0":"post-106437","1":"product","2":"type-product","3":"status-publish","4":"has-post-thumbnail","6":"product_cat-autokeemia","7":"product_cat-grass-keemia-ja-detailing","9":"first","10":"instock","11":"shipping-taxable","12":"purchasable","13":"product-type-simple"},"_links":{"self":[{"href":"https:\/\/automatic.ee\/en\/wp-json\/wp\/v2\/product\/106437","targetHints":{"allow":["GET"]}}],"collection":[{"href":"https:\/\/automatic.ee\/en\/wp-json\/wp\/v2\/product"}],"about":[{"href":"https:\/\/automatic.ee\/en\/wp-json\/wp\/v2\/types\/product"}],"replies":[{"embeddable":true,"href":"https:\/\/automatic.ee\/en\/wp-json\/wp\/v2\/comments?post=106437"}],"wp:featuredmedia":[{"embeddable":true,"href":"https:\/\/automatic.ee\/en\/wp-json\/wp\/v2\/media\/106434"}],"wp:attachment":[{"href":"https:\/\/automatic.ee\/en\/wp-json\/wp\/v2\/media?parent=106437"}],"wp:term":[{"taxonomy":"product_brand","embeddable":true,"href":"https:\/\/automatic.ee\/en\/wp-json\/wp\/v2\/product_brand?post=106437"},{"taxonomy":"product_cat","embeddable":true,"href":"https:\/\/automatic.ee\/en\/wp-json\/wp\/v2\/product_cat?post=106437"},{"taxonomy":"product_tag","embeddable":true,"href":"https:\/\/automatic.ee\/en\/wp-json\/wp\/v2\/product_tag?post=106437"}],"curies":[{"name":"wp","href":"https:\/\/api.w.org\/{rel}","templated":true}]}}