{"id":106429,"date":"2025-11-04T04:07:41","date_gmt":"2025-11-04T02:07:41","guid":{"rendered":"https:\/\/automatic.ee\/toode\/mikrofiiber-lapp-microfiber-ultra-lite-detail\/"},"modified":"2025-11-04T04:07:41","modified_gmt":"2025-11-04T02:07:41","slug":"mikrofiiber-lapp-microfiber-ultra-lite-detail","status":"publish","type":"product","link":"https:\/\/automatic.ee\/en\/toode\/mikrofiiber-lapp-microfiber-ultra-lite-detail\/","title":{"rendered":"Mikrofiiber lapp MICROFIBER ULTRA LITE DETAIL"},"content":{"rendered":"<p>Mikrokiud on 21. sajandi teadlaste ainulaadne areng. L\u00f5ngal\u00f5ngad on 10 korda \u00f5hemad kui siid. P\u00e4rast teatud keemilist t\u00f6\u00f6tlemist jagatakse iga h\u00f5\u00f5gniit 12-16 kiilukujuliseks mikrokiuks. See on kiudude mikrosuurus, mis m\u00e4\u00e4rab selle unikaalsed omadused. Mikrokiud on h\u00fcgroskoopsed, s\u00e4ilitavad suurep\u00e4raselt mustuse, on tugevad ja vastupidavad. K\u00f5ige populaarsemate froteekangaste kohevate salvr\u00e4tikute suured suurused lahendavad suurep\u00e4raselt mustuse, tolmu, neelavad suure koguse vett, \u00f5li ja rasva.P\u00e4rast mikrokiududega p\u00fchkimist muutub pind t\u00e4iesti puhtaks ja kuivaks. P\u00fchkimine on soovitatav allergikutele, kuna see eemaldab patogeenid puhastatavast pinnast. Salvr\u00e4tiku suurus: 40&#215;40 cm, pakendis 3 salvr\u00e4tikut. Tihedus: 220 g\/m2.<\/p>\n<p><\/p>\n<div>Kuidas kasutada:<\/div>\n<p>V\u00f5ib kasutada nii kuiva kui ka m\u00e4rga. Pindadelt niiskuse eemaldamisel pigistage sagedamini. Kui mikrokiud j\u00e4tab p\u00e4rast kasutamist j\u00e4\u00e4ke, tuleb see enne j\u00e4rgmist kasutamist korralikult loputada ja pigistada.<\/p>\n","protected":false},"excerpt":{"rendered":"<p>DT-0215<\/p>\n","protected":false},"featured_media":106426,"comment_status":"open","ping_status":"closed","template":"","meta":{"colormag_page_container_layout":"default_layout","colormag_page_sidebar_layout":"default_layout"},"product_brand":[],"product_cat":[162],"product_tag":[],"class_list":{"0":"post-106429","1":"product","2":"type-product","3":"status-publish","4":"has-post-thumbnail","6":"product_cat-grass-keemia-ja-detailing","8":"first","9":"instock","10":"shipping-taxable","11":"purchasable","12":"product-type-simple"},"_links":{"self":[{"href":"https:\/\/automatic.ee\/en\/wp-json\/wp\/v2\/product\/106429","targetHints":{"allow":["GET"]}}],"collection":[{"href":"https:\/\/automatic.ee\/en\/wp-json\/wp\/v2\/product"}],"about":[{"href":"https:\/\/automatic.ee\/en\/wp-json\/wp\/v2\/types\/product"}],"replies":[{"embeddable":true,"href":"https:\/\/automatic.ee\/en\/wp-json\/wp\/v2\/comments?post=106429"}],"wp:featuredmedia":[{"embeddable":true,"href":"https:\/\/automatic.ee\/en\/wp-json\/wp\/v2\/media\/106426"}],"wp:attachment":[{"href":"https:\/\/automatic.ee\/en\/wp-json\/wp\/v2\/media?parent=106429"}],"wp:term":[{"taxonomy":"product_brand","embeddable":true,"href":"https:\/\/automatic.ee\/en\/wp-json\/wp\/v2\/product_brand?post=106429"},{"taxonomy":"product_cat","embeddable":true,"href":"https:\/\/automatic.ee\/en\/wp-json\/wp\/v2\/product_cat?post=106429"},{"taxonomy":"product_tag","embeddable":true,"href":"https:\/\/automatic.ee\/en\/wp-json\/wp\/v2\/product_tag?post=106429"}],"curies":[{"name":"wp","href":"https:\/\/api.w.org\/{rel}","templated":true}]}}