{"id":106421,"date":"2025-11-04T04:07:26","date_gmt":"2025-11-04T02:07:26","guid":{"rendered":"https:\/\/automatic.ee\/toode\/klaasi-puhastuslapp-glass-wipe-40x40-detail\/"},"modified":"2025-11-04T04:07:26","modified_gmt":"2025-11-04T02:07:26","slug":"klaasi-puhastuslapp-glass-wipe-40x40-detail","status":"publish","type":"product","link":"https:\/\/automatic.ee\/en\/toode\/klaasi-puhastuslapp-glass-wipe-40x40-detail\/","title":{"rendered":"Klaasi puhastuslapp GLASS WIPE 40X40 DETAIL"},"content":{"rendered":"<p>Pehme ebemevaba r\u00e4tik autoklaaside puhastamiseks. Glass Wipe struktuur v\u00f5imaldab teil t\u00f5husalt eemaldada mustuse ilma triipe ja ebemeid j\u00e4tmata. Kudumine tagab suurep\u00e4rase v\u00f5ime mustust lahti lasta ja klaasi pinnalt liigset niiskust eemaldada. R\u00e4tiku suurus: 40&#215;40 cm. Tihedus: 300 g\/m2.<\/p>\n<div><\/div>\n","protected":false},"excerpt":{"rendered":"<p>DT-0243<\/p>\n","protected":false},"featured_media":106418,"comment_status":"open","ping_status":"closed","template":"","meta":{"colormag_page_container_layout":"default_layout","colormag_page_sidebar_layout":"default_layout"},"product_brand":[],"product_cat":[162],"product_tag":[],"class_list":{"0":"post-106421","1":"product","2":"type-product","3":"status-publish","4":"has-post-thumbnail","6":"product_cat-grass-keemia-ja-detailing","8":"first","9":"instock","10":"shipping-taxable","11":"purchasable","12":"product-type-simple"},"_links":{"self":[{"href":"https:\/\/automatic.ee\/en\/wp-json\/wp\/v2\/product\/106421","targetHints":{"allow":["GET"]}}],"collection":[{"href":"https:\/\/automatic.ee\/en\/wp-json\/wp\/v2\/product"}],"about":[{"href":"https:\/\/automatic.ee\/en\/wp-json\/wp\/v2\/types\/product"}],"replies":[{"embeddable":true,"href":"https:\/\/automatic.ee\/en\/wp-json\/wp\/v2\/comments?post=106421"}],"wp:featuredmedia":[{"embeddable":true,"href":"https:\/\/automatic.ee\/en\/wp-json\/wp\/v2\/media\/106418"}],"wp:attachment":[{"href":"https:\/\/automatic.ee\/en\/wp-json\/wp\/v2\/media?parent=106421"}],"wp:term":[{"taxonomy":"product_brand","embeddable":true,"href":"https:\/\/automatic.ee\/en\/wp-json\/wp\/v2\/product_brand?post=106421"},{"taxonomy":"product_cat","embeddable":true,"href":"https:\/\/automatic.ee\/en\/wp-json\/wp\/v2\/product_cat?post=106421"},{"taxonomy":"product_tag","embeddable":true,"href":"https:\/\/automatic.ee\/en\/wp-json\/wp\/v2\/product_tag?post=106421"}],"curies":[{"name":"wp","href":"https:\/\/api.w.org\/{rel}","templated":true}]}}