{"id":106417,"date":"2025-11-04T04:07:18","date_gmt":"2025-11-04T02:07:18","guid":{"rendered":"https:\/\/automatic.ee\/toode\/veljepuhastushari\/"},"modified":"2025-11-04T04:07:18","modified_gmt":"2025-11-04T02:07:18","slug":"veljepuhastushari","status":"publish","type":"product","link":"https:\/\/automatic.ee\/en\/toode\/veljepuhastushari\/","title":{"rendered":"Veljepuhastushari"},"content":{"rendered":"<p>WB &#8220;Wheel Brush&#8221; auto velgede puhastamiseks, sobib suurep\u00e4raselt raskesti ligip\u00e4\u00e4setavate kohtade puhastamiseks pinda kahjustamata.<\/p>\n","protected":false},"excerpt":{"rendered":"<p>DT-0256 DETAIL<\/p>\n","protected":false},"featured_media":106414,"comment_status":"open","ping_status":"closed","template":"","meta":{"colormag_page_container_layout":"default_layout","colormag_page_sidebar_layout":"default_layout"},"product_brand":[],"product_cat":[162],"product_tag":[],"class_list":{"0":"post-106417","1":"product","2":"type-product","3":"status-publish","4":"has-post-thumbnail","6":"product_cat-grass-keemia-ja-detailing","8":"first","9":"instock","10":"shipping-taxable","11":"purchasable","12":"product-type-simple"},"_links":{"self":[{"href":"https:\/\/automatic.ee\/en\/wp-json\/wp\/v2\/product\/106417","targetHints":{"allow":["GET"]}}],"collection":[{"href":"https:\/\/automatic.ee\/en\/wp-json\/wp\/v2\/product"}],"about":[{"href":"https:\/\/automatic.ee\/en\/wp-json\/wp\/v2\/types\/product"}],"replies":[{"embeddable":true,"href":"https:\/\/automatic.ee\/en\/wp-json\/wp\/v2\/comments?post=106417"}],"wp:featuredmedia":[{"embeddable":true,"href":"https:\/\/automatic.ee\/en\/wp-json\/wp\/v2\/media\/106414"}],"wp:attachment":[{"href":"https:\/\/automatic.ee\/en\/wp-json\/wp\/v2\/media?parent=106417"}],"wp:term":[{"taxonomy":"product_brand","embeddable":true,"href":"https:\/\/automatic.ee\/en\/wp-json\/wp\/v2\/product_brand?post=106417"},{"taxonomy":"product_cat","embeddable":true,"href":"https:\/\/automatic.ee\/en\/wp-json\/wp\/v2\/product_cat?post=106417"},{"taxonomy":"product_tag","embeddable":true,"href":"https:\/\/automatic.ee\/en\/wp-json\/wp\/v2\/product_tag?post=106417"}],"curies":[{"name":"wp","href":"https:\/\/api.w.org\/{rel}","templated":true}]}}