{"id":106413,"date":"2025-11-04T04:07:15","date_gmt":"2025-11-04T02:07:15","guid":{"rendered":"https:\/\/automatic.ee\/toode\/textile-univers-sisepuhast-vahend-1l\/"},"modified":"2025-11-04T04:07:15","modified_gmt":"2025-11-04T02:07:15","slug":"textile-univers-sisepuhast-vahend-1l","status":"publish","type":"product","link":"https:\/\/automatic.ee\/en\/toode\/textile-univers-sisepuhast-vahend-1l\/","title":{"rendered":"TEXTILE UNIVERS. SISEPUHAST.VAHEND 1L"},"content":{"rendered":"<p>\u0422extile (TX) on universaalne, vahutav, kontsentreeritud, puhastusvahend igat t\u00fc\u00fcpi kangale, plastikule, seemisnahale, Alcantarale, katusepolstrile, ukseliistudele, vaipkatetele. See moodustab pikaajalise vahu, mis tungib mustuse struktuuri, eemaldades t\u00f5husalt ja ohutult selle j\u00e4ljed. See ei pehmenda kangast, ei p\u00f5hjusta kanga polsterduse l\u00f5tvumist. Ei sisalda raskesti eemaldatavaid komponente.<\/p>\n<div>Kuidas kasutada:<\/div>\n<p>1. Lahjendage toode veega vahekorras 1:5 &#8211; 1:50, s\u00f5ltuvalt m\u00e4\u00e4rdumisastmest. 2. Pihustage saastunud pinnale. Lastakse seista 1-2 minutit. Vajadusel (eriti kangekaelse mustuse korral) kasutage pehmet k\u00e4sna v\u00f5i harja. 3. Ootamata kompositsiooni kuivamist, p\u00fchkige t\u00f6\u00f6deldud ala niiske mikrokiuga.<\/p>\n<p>puhastusvahend<\/p>\n<p>DT-0277<\/p>\n<p>Detailing<\/p>\n<p>Grass<\/p>\n","protected":false},"excerpt":{"rendered":"<p>DT-0277<\/p>\n","protected":false},"featured_media":106410,"comment_status":"open","ping_status":"closed","template":"","meta":{"colormag_page_container_layout":"default_layout","colormag_page_sidebar_layout":"default_layout"},"product_brand":[],"product_cat":[128,162],"product_tag":[],"class_list":{"0":"post-106413","1":"product","2":"type-product","3":"status-publish","4":"has-post-thumbnail","6":"product_cat-autokeemia","7":"product_cat-grass-keemia-ja-detailing","9":"first","10":"instock","11":"shipping-taxable","12":"purchasable","13":"product-type-simple"},"_links":{"self":[{"href":"https:\/\/automatic.ee\/en\/wp-json\/wp\/v2\/product\/106413","targetHints":{"allow":["GET"]}}],"collection":[{"href":"https:\/\/automatic.ee\/en\/wp-json\/wp\/v2\/product"}],"about":[{"href":"https:\/\/automatic.ee\/en\/wp-json\/wp\/v2\/types\/product"}],"replies":[{"embeddable":true,"href":"https:\/\/automatic.ee\/en\/wp-json\/wp\/v2\/comments?post=106413"}],"wp:featuredmedia":[{"embeddable":true,"href":"https:\/\/automatic.ee\/en\/wp-json\/wp\/v2\/media\/106410"}],"wp:attachment":[{"href":"https:\/\/automatic.ee\/en\/wp-json\/wp\/v2\/media?parent=106413"}],"wp:term":[{"taxonomy":"product_brand","embeddable":true,"href":"https:\/\/automatic.ee\/en\/wp-json\/wp\/v2\/product_brand?post=106413"},{"taxonomy":"product_cat","embeddable":true,"href":"https:\/\/automatic.ee\/en\/wp-json\/wp\/v2\/product_cat?post=106413"},{"taxonomy":"product_tag","embeddable":true,"href":"https:\/\/automatic.ee\/en\/wp-json\/wp\/v2\/product_tag?post=106413"}],"curies":[{"name":"wp","href":"https:\/\/api.w.org\/{rel}","templated":true}]}}