{"id":106397,"date":"2025-11-04T04:06:57","date_gmt":"2025-11-04T02:06:57","guid":{"rendered":"https:\/\/automatic.ee\/toode\/pihusti-500ml-detail\/"},"modified":"2025-11-04T04:06:57","modified_gmt":"2025-11-04T02:06:57","slug":"pihusti-500ml-detail","status":"publish","type":"product","link":"https:\/\/automatic.ee\/en\/toode\/pihusti-500ml-detail\/","title":{"rendered":"PIHUSTI 500ml DETAIL"},"content":{"rendered":"<p>Peenpihusti &#8220;Detail&#8221; on ette n\u00e4htud neutraalsete \u00fchendite, eriti rasva\u00e4rastajate valmistamiseks, et valmistada pind kaitseainete, kere ja mootoriruumi s\u00e4ilitusainete pealekandmiseks. Pihusti maht on 500 ml.<\/p>\n","protected":false},"excerpt":{"rendered":"<p>DT-0350<\/p>\n","protected":false},"featured_media":106394,"comment_status":"open","ping_status":"closed","template":"","meta":{"colormag_page_container_layout":"default_layout","colormag_page_sidebar_layout":"default_layout"},"product_brand":[],"product_cat":[162],"product_tag":[],"class_list":{"0":"post-106397","1":"product","2":"type-product","3":"status-publish","4":"has-post-thumbnail","6":"product_cat-grass-keemia-ja-detailing","8":"first","9":"instock","10":"shipping-taxable","11":"purchasable","12":"product-type-simple"},"_links":{"self":[{"href":"https:\/\/automatic.ee\/en\/wp-json\/wp\/v2\/product\/106397","targetHints":{"allow":["GET"]}}],"collection":[{"href":"https:\/\/automatic.ee\/en\/wp-json\/wp\/v2\/product"}],"about":[{"href":"https:\/\/automatic.ee\/en\/wp-json\/wp\/v2\/types\/product"}],"replies":[{"embeddable":true,"href":"https:\/\/automatic.ee\/en\/wp-json\/wp\/v2\/comments?post=106397"}],"wp:featuredmedia":[{"embeddable":true,"href":"https:\/\/automatic.ee\/en\/wp-json\/wp\/v2\/media\/106394"}],"wp:attachment":[{"href":"https:\/\/automatic.ee\/en\/wp-json\/wp\/v2\/media?parent=106397"}],"wp:term":[{"taxonomy":"product_brand","embeddable":true,"href":"https:\/\/automatic.ee\/en\/wp-json\/wp\/v2\/product_brand?post=106397"},{"taxonomy":"product_cat","embeddable":true,"href":"https:\/\/automatic.ee\/en\/wp-json\/wp\/v2\/product_cat?post=106397"},{"taxonomy":"product_tag","embeddable":true,"href":"https:\/\/automatic.ee\/en\/wp-json\/wp\/v2\/product_tag?post=106397"}],"curies":[{"name":"wp","href":"https:\/\/api.w.org\/{rel}","templated":true}]}}