{"id":106085,"date":"2025-11-04T04:02:12","date_gmt":"2025-11-04T02:02:12","guid":{"rendered":"https:\/\/automatic.ee\/toode\/led-laetav-toolamp\/"},"modified":"2025-11-04T04:02:12","modified_gmt":"2025-11-04T02:02:12","slug":"led-laetav-toolamp","status":"publish","type":"product","link":"https:\/\/automatic.ee\/en\/toode\/led-laetav-toolamp\/","title":{"rendered":"LED laetav t\u00f6\u00f6lamp"},"content":{"rendered":"<ul>\n<li>Lambi m\u00f5\u00f5dud: 75 * 6,9 * 6,8 cm<\/li>\n<li>Laetav aku: 7,4 V \/ 2600 mAh liitiumioon<\/li>\n<li>LED-i eluiga: 100,00 h<\/li>\n<li>Laadimists\u00fcklite arv: 500<\/li>\n<li>Kvaliteetne ABS plastikust k\u00e4epide<\/li>\n<li>M\u00f5lemas otsas p\u00f6\u00f6ratavad konksud (360 \u00b0)<\/li>\n<li>V\u00f5imsad magnetid lambi kinnitamiseks mis tahes metallpinnale<\/li>\n<li>P\u00f6\u00f6ratava dioodpaneeli abil on valguse soovitud nurga all (0\u2013170 \u00b0) seadmine lihtne<\/li>\n<\/ul>\n","protected":false},"excerpt":{"rendered":"<p>HCJF728A-COB<\/p>\n","protected":false},"featured_media":106082,"comment_status":"open","ping_status":"closed","template":"","meta":{"colormag_page_container_layout":"default_layout","colormag_page_sidebar_layout":"default_layout"},"product_brand":[],"product_cat":[127],"product_tag":[],"class_list":{"0":"post-106085","1":"product","2":"type-product","3":"status-publish","4":"has-post-thumbnail","6":"product_cat-toolambid-prozektorid","8":"first","9":"instock","10":"shipping-taxable","11":"purchasable","12":"product-type-simple"},"_links":{"self":[{"href":"https:\/\/automatic.ee\/en\/wp-json\/wp\/v2\/product\/106085","targetHints":{"allow":["GET"]}}],"collection":[{"href":"https:\/\/automatic.ee\/en\/wp-json\/wp\/v2\/product"}],"about":[{"href":"https:\/\/automatic.ee\/en\/wp-json\/wp\/v2\/types\/product"}],"replies":[{"embeddable":true,"href":"https:\/\/automatic.ee\/en\/wp-json\/wp\/v2\/comments?post=106085"}],"wp:featuredmedia":[{"embeddable":true,"href":"https:\/\/automatic.ee\/en\/wp-json\/wp\/v2\/media\/106082"}],"wp:attachment":[{"href":"https:\/\/automatic.ee\/en\/wp-json\/wp\/v2\/media?parent=106085"}],"wp:term":[{"taxonomy":"product_brand","embeddable":true,"href":"https:\/\/automatic.ee\/en\/wp-json\/wp\/v2\/product_brand?post=106085"},{"taxonomy":"product_cat","embeddable":true,"href":"https:\/\/automatic.ee\/en\/wp-json\/wp\/v2\/product_cat?post=106085"},{"taxonomy":"product_tag","embeddable":true,"href":"https:\/\/automatic.ee\/en\/wp-json\/wp\/v2\/product_tag?post=106085"}],"curies":[{"name":"wp","href":"https:\/\/api.w.org\/{rel}","templated":true}]}}