{"id":106073,"date":"2025-11-04T04:01:58","date_gmt":"2025-11-04T02:01:58","guid":{"rendered":"https:\/\/automatic.ee\/toode\/professionaalse-paastikuga-pudel-red-grass\/"},"modified":"2025-11-04T04:01:58","modified_gmt":"2025-11-04T02:01:58","slug":"professionaalse-paastikuga-pudel-red-grass","status":"publish","type":"product","link":"https:\/\/automatic.ee\/en\/toode\/professionaalse-paastikuga-pudel-red-grass\/","title":{"rendered":"Professionaalse p\u00e4\u00e4stikuga pudel RED GRASS"},"content":{"rendered":"<p>Ettev\u00f5te OOO&#8221; TD Grass &#8221; pakub spetsiaalselt puhastusettev\u00f5tetele m\u00f5eldud pudelit, millel on professionaalne p\u00e4\u00e4stik. See aitab mitte ainult kontsentreeritud pesuvahendite mugaval lahjendamisel ja kasutamisel, vaid v\u00f5imaldab ka v\u00e4rvim\u00e4rgistuse t\u00f5ttu eristada nende kasutusala: &#8211; punane-sanitaaralade puhastamine; &#8211; roheline-kasutatakse toiduvalmistamise ja s\u00f6\u00f6mise kohtade puhastamisel; &#8211; sinine-v\u00e4iksema reostusega alade jaoks, nimelt kontorite t\u00f6\u00f6kohtade, kaubanduskeskuste l\u00e4bik\u00e4idavate alade, koridoride jms jaoks.  Mugava p\u00e4\u00e4stiku ja v\u00e4rvim\u00e4rgistusega pudelist saab teie asendamatu abiline professionaalses puhastuses.<\/p>\n","protected":false},"excerpt":{"rendered":"<p>IT-0157<\/p>\n","protected":false},"featured_media":106070,"comment_status":"open","ping_status":"closed","template":"","meta":{"colormag_page_container_layout":"default_layout","colormag_page_sidebar_layout":"default_layout"},"product_brand":[],"product_cat":[162],"product_tag":[],"class_list":{"0":"post-106073","1":"product","2":"type-product","3":"status-publish","4":"has-post-thumbnail","6":"product_cat-grass-keemia-ja-detailing","8":"first","9":"instock","10":"shipping-taxable","11":"purchasable","12":"product-type-simple"},"_links":{"self":[{"href":"https:\/\/automatic.ee\/en\/wp-json\/wp\/v2\/product\/106073","targetHints":{"allow":["GET"]}}],"collection":[{"href":"https:\/\/automatic.ee\/en\/wp-json\/wp\/v2\/product"}],"about":[{"href":"https:\/\/automatic.ee\/en\/wp-json\/wp\/v2\/types\/product"}],"replies":[{"embeddable":true,"href":"https:\/\/automatic.ee\/en\/wp-json\/wp\/v2\/comments?post=106073"}],"wp:featuredmedia":[{"embeddable":true,"href":"https:\/\/automatic.ee\/en\/wp-json\/wp\/v2\/media\/106070"}],"wp:attachment":[{"href":"https:\/\/automatic.ee\/en\/wp-json\/wp\/v2\/media?parent=106073"}],"wp:term":[{"taxonomy":"product_brand","embeddable":true,"href":"https:\/\/automatic.ee\/en\/wp-json\/wp\/v2\/product_brand?post=106073"},{"taxonomy":"product_cat","embeddable":true,"href":"https:\/\/automatic.ee\/en\/wp-json\/wp\/v2\/product_cat?post=106073"},{"taxonomy":"product_tag","embeddable":true,"href":"https:\/\/automatic.ee\/en\/wp-json\/wp\/v2\/product_tag?post=106073"}],"curies":[{"name":"wp","href":"https:\/\/api.w.org\/{rel}","templated":true}]}}