{"id":106065,"date":"2025-11-04T04:01:50","date_gmt":"2025-11-04T02:01:50","guid":{"rendered":"https:\/\/automatic.ee\/toode\/salvratik-universal-microfiber-3540cm-10tk-grass\/"},"modified":"2025-11-04T04:01:50","modified_gmt":"2025-11-04T02:01:50","slug":"salvratik-universal-microfiber-3540cm-10tk-grass","status":"publish","type":"product","link":"https:\/\/automatic.ee\/en\/toode\/salvratik-universal-microfiber-3540cm-10tk-grass\/","title":{"rendered":"Salvr\u00e4tik UNIVERSAL MICROFIBER 35*40cm 10tk GRASS"},"content":{"rendered":"<p>Universaalne salvr\u00e4tik kodu ja auto jaoks. K\u00f5ige populaarsema froteekudumise suured kohevad salvr\u00e4tikud saavad suurep\u00e4raselt hakkama mustuse, tolmu, neelavad suures koguses vett, \u00f5lisid, rasvu. Pind p\u00e4rast mikrokiust p\u00fchkimist muutub t\u00e4iesti puhtaks ja kuivaks. Tugev ja kulumiskindel.<\/p>\n","protected":false},"excerpt":{"rendered":"<p>IT-0307<\/p>\n","protected":false},"featured_media":106062,"comment_status":"open","ping_status":"closed","template":"","meta":{"colormag_page_container_layout":"default_layout","colormag_page_sidebar_layout":"default_layout"},"product_brand":[],"product_cat":[162],"product_tag":[],"class_list":{"0":"post-106065","1":"product","2":"type-product","3":"status-publish","4":"has-post-thumbnail","6":"product_cat-grass-keemia-ja-detailing","8":"first","9":"instock","10":"shipping-taxable","11":"purchasable","12":"product-type-simple"},"_links":{"self":[{"href":"https:\/\/automatic.ee\/en\/wp-json\/wp\/v2\/product\/106065","targetHints":{"allow":["GET"]}}],"collection":[{"href":"https:\/\/automatic.ee\/en\/wp-json\/wp\/v2\/product"}],"about":[{"href":"https:\/\/automatic.ee\/en\/wp-json\/wp\/v2\/types\/product"}],"replies":[{"embeddable":true,"href":"https:\/\/automatic.ee\/en\/wp-json\/wp\/v2\/comments?post=106065"}],"wp:featuredmedia":[{"embeddable":true,"href":"https:\/\/automatic.ee\/en\/wp-json\/wp\/v2\/media\/106062"}],"wp:attachment":[{"href":"https:\/\/automatic.ee\/en\/wp-json\/wp\/v2\/media?parent=106065"}],"wp:term":[{"taxonomy":"product_brand","embeddable":true,"href":"https:\/\/automatic.ee\/en\/wp-json\/wp\/v2\/product_brand?post=106065"},{"taxonomy":"product_cat","embeddable":true,"href":"https:\/\/automatic.ee\/en\/wp-json\/wp\/v2\/product_cat?post=106065"},{"taxonomy":"product_tag","embeddable":true,"href":"https:\/\/automatic.ee\/en\/wp-json\/wp\/v2\/product_tag?post=106065"}],"curies":[{"name":"wp","href":"https:\/\/api.w.org\/{rel}","templated":true}]}}