{"id":106037,"date":"2025-11-04T04:01:20","date_gmt":"2025-11-04T02:01:20","guid":{"rendered":"https:\/\/automatic.ee\/toode\/pesukasn-190x110x55\/"},"modified":"2025-11-04T04:01:20","modified_gmt":"2025-11-04T02:01:20","slug":"pesukasn-190x110x55","status":"publish","type":"product","link":"https:\/\/automatic.ee\/en\/toode\/pesukasn-190x110x55\/","title":{"rendered":"Pesuk\u00e4sn 190X110X55"},"content":{"rendered":"<p>Auto k\u00e4sn \u00f5rnaks pesemiseks. Pehme, vastupidav ja kauakestev k\u00e4sn tagab teie auto \u00f5rna pesemise ilma triipude ja kriimustusteta. Soodustab rikkaliku vahu moodustumist.<\/p>\n","protected":false},"excerpt":{"rendered":"<p>IT-0581<\/p>\n","protected":false},"featured_media":106034,"comment_status":"open","ping_status":"closed","template":"","meta":{"colormag_page_container_layout":"default_layout","colormag_page_sidebar_layout":"default_layout"},"product_brand":[],"product_cat":[128,162],"product_tag":[],"class_list":{"0":"post-106037","1":"product","2":"type-product","3":"status-publish","4":"has-post-thumbnail","6":"product_cat-autokeemia","7":"product_cat-grass-keemia-ja-detailing","9":"first","10":"instock","11":"shipping-taxable","12":"purchasable","13":"product-type-simple"},"_links":{"self":[{"href":"https:\/\/automatic.ee\/en\/wp-json\/wp\/v2\/product\/106037","targetHints":{"allow":["GET"]}}],"collection":[{"href":"https:\/\/automatic.ee\/en\/wp-json\/wp\/v2\/product"}],"about":[{"href":"https:\/\/automatic.ee\/en\/wp-json\/wp\/v2\/types\/product"}],"replies":[{"embeddable":true,"href":"https:\/\/automatic.ee\/en\/wp-json\/wp\/v2\/comments?post=106037"}],"wp:featuredmedia":[{"embeddable":true,"href":"https:\/\/automatic.ee\/en\/wp-json\/wp\/v2\/media\/106034"}],"wp:attachment":[{"href":"https:\/\/automatic.ee\/en\/wp-json\/wp\/v2\/media?parent=106037"}],"wp:term":[{"taxonomy":"product_brand","embeddable":true,"href":"https:\/\/automatic.ee\/en\/wp-json\/wp\/v2\/product_brand?post=106037"},{"taxonomy":"product_cat","embeddable":true,"href":"https:\/\/automatic.ee\/en\/wp-json\/wp\/v2\/product_cat?post=106037"},{"taxonomy":"product_tag","embeddable":true,"href":"https:\/\/automatic.ee\/en\/wp-json\/wp\/v2\/product_tag?post=106037"}],"curies":[{"name":"wp","href":"https:\/\/api.w.org\/{rel}","templated":true}]}}