{"id":106025,"date":"2025-11-04T04:01:06","date_gmt":"2025-11-04T02:01:06","guid":{"rendered":"https:\/\/automatic.ee\/toode\/3w-cob5-led-laetav-toolamp\/"},"modified":"2025-11-04T04:01:06","modified_gmt":"2025-11-04T02:01:06","slug":"3w-cob5-led-laetav-toolamp","status":"publish","type":"product","link":"https:\/\/automatic.ee\/en\/toode\/3w-cob5-led-laetav-toolamp\/","title":{"rendered":"3W COB+5 LED LAETAV T\u00d6\u00d6LAMP"},"content":{"rendered":"<ul>\n<li>2 valgustusre\u017eiimi (3W COB LED + 5 LED)<\/li>\n<li>Reguleeritav magnetkinnitus + konks<\/li>\n<li>Heledus: 280 luumenit (lm)<\/li>\n<li>Aku: 2000mAh-Li 3,7V<\/li>\n<li>Laadimists\u00fcklite arv: 500<\/li>\n<li>Laadimine: 220V vooluv\u00f5rgust; sigaretis\u00fc\u00fctajast 12V<\/li>\n<\/ul>\n","protected":false},"excerpt":{"rendered":"<p>JF701AL<\/p>\n","protected":false},"featured_media":106022,"comment_status":"open","ping_status":"closed","template":"","meta":{"colormag_page_container_layout":"default_layout","colormag_page_sidebar_layout":"default_layout"},"product_brand":[],"product_cat":[127],"product_tag":[],"class_list":{"0":"post-106025","1":"product","2":"type-product","3":"status-publish","4":"has-post-thumbnail","6":"product_cat-toolambid-prozektorid","8":"first","9":"instock","10":"shipping-taxable","11":"purchasable","12":"product-type-simple"},"_links":{"self":[{"href":"https:\/\/automatic.ee\/en\/wp-json\/wp\/v2\/product\/106025","targetHints":{"allow":["GET"]}}],"collection":[{"href":"https:\/\/automatic.ee\/en\/wp-json\/wp\/v2\/product"}],"about":[{"href":"https:\/\/automatic.ee\/en\/wp-json\/wp\/v2\/types\/product"}],"replies":[{"embeddable":true,"href":"https:\/\/automatic.ee\/en\/wp-json\/wp\/v2\/comments?post=106025"}],"wp:featuredmedia":[{"embeddable":true,"href":"https:\/\/automatic.ee\/en\/wp-json\/wp\/v2\/media\/106022"}],"wp:attachment":[{"href":"https:\/\/automatic.ee\/en\/wp-json\/wp\/v2\/media?parent=106025"}],"wp:term":[{"taxonomy":"product_brand","embeddable":true,"href":"https:\/\/automatic.ee\/en\/wp-json\/wp\/v2\/product_brand?post=106025"},{"taxonomy":"product_cat","embeddable":true,"href":"https:\/\/automatic.ee\/en\/wp-json\/wp\/v2\/product_cat?post=106025"},{"taxonomy":"product_tag","embeddable":true,"href":"https:\/\/automatic.ee\/en\/wp-json\/wp\/v2\/product_tag?post=106025"}],"curies":[{"name":"wp","href":"https:\/\/api.w.org\/{rel}","templated":true}]}}