{"id":105949,"date":"2025-11-04T03:59:45","date_gmt":"2025-11-04T01:59:45","guid":{"rendered":"https:\/\/automatic.ee\/toode\/mootorikaitse-chrysler-towncountry-iv-2008-3osa\/"},"modified":"2025-11-04T03:59:45","modified_gmt":"2025-11-04T01:59:45","slug":"mootorikaitse-chrysler-towncountry-iv-2008-3osa","status":"publish","type":"product","link":"https:\/\/automatic.ee\/en\/toode\/mootorikaitse-chrysler-towncountry-iv-2008-3osa\/","title":{"rendered":"Mootorikaitse Chrysler Town&amp;Country IV 2008-  3osa"},"content":{"rendered":"<p><strong>Turvalisus<\/strong><\/p>\n<p>Selleks kasutatakse purunevaid kinnitusi. Kaitse kinnitub tihedalt auto raamile ja talub k\u00f5iki altpoolt tulevaid l\u00f6\u00f6ke ning seejuures j\u00e4\u00e4vad kinnitused ja kaitse terveks. Avarii korral l\u00f5ikuvad kinnitused lihtsalt lahti ning ei v\u00e4henda teie auto turvat\u00e4rnide arvu.<\/p>\n<p><strong>Materjal<\/strong><\/p>\n<p>Karterikaitsed valmistatakse uue p\u00f5lvkonna nn komposiitmaterjalidest. Metalliga v\u00f5rreldes on komposiitmaterjal vastupidavam, kergem ja sellest tehtud karterikaitse ei deformeeru l\u00f6\u00f6gi korral. Peale selle v\u00f5imaldab valmistustehnoloogia luua vormilt v\u00e4ga keerukaid, just teie autole m\u00f5eldud tooteid. <\/p>\n","protected":false},"excerpt":{"rendered":"<p>KKCH9<\/p>\n","protected":false},"featured_media":105946,"comment_status":"open","ping_status":"closed","template":"","meta":{"colormag_page_container_layout":"default_layout","colormag_page_sidebar_layout":"default_layout"},"product_brand":[],"product_cat":[136],"product_tag":[],"class_list":{"0":"post-105949","1":"product","2":"type-product","3":"status-publish","4":"has-post-thumbnail","6":"product_cat-lisavarustus","8":"first","9":"instock","10":"shipping-taxable","11":"purchasable","12":"product-type-simple"},"_links":{"self":[{"href":"https:\/\/automatic.ee\/en\/wp-json\/wp\/v2\/product\/105949","targetHints":{"allow":["GET"]}}],"collection":[{"href":"https:\/\/automatic.ee\/en\/wp-json\/wp\/v2\/product"}],"about":[{"href":"https:\/\/automatic.ee\/en\/wp-json\/wp\/v2\/types\/product"}],"replies":[{"embeddable":true,"href":"https:\/\/automatic.ee\/en\/wp-json\/wp\/v2\/comments?post=105949"}],"wp:featuredmedia":[{"embeddable":true,"href":"https:\/\/automatic.ee\/en\/wp-json\/wp\/v2\/media\/105946"}],"wp:attachment":[{"href":"https:\/\/automatic.ee\/en\/wp-json\/wp\/v2\/media?parent=105949"}],"wp:term":[{"taxonomy":"product_brand","embeddable":true,"href":"https:\/\/automatic.ee\/en\/wp-json\/wp\/v2\/product_brand?post=105949"},{"taxonomy":"product_cat","embeddable":true,"href":"https:\/\/automatic.ee\/en\/wp-json\/wp\/v2\/product_cat?post=105949"},{"taxonomy":"product_tag","embeddable":true,"href":"https:\/\/automatic.ee\/en\/wp-json\/wp\/v2\/product_tag?post=105949"}],"curies":[{"name":"wp","href":"https:\/\/api.w.org\/{rel}","templated":true}]}}