{"id":105941,"date":"2025-11-04T03:59:37","date_gmt":"2025-11-04T01:59:37","guid":{"rendered":"https:\/\/automatic.ee\/toode\/montaazitooriist-generaatori-vabakaik-xzn\/"},"modified":"2025-11-04T03:59:37","modified_gmt":"2025-11-04T01:59:37","slug":"montaazitooriist-generaatori-vabakaik-xzn","status":"publish","type":"product","link":"https:\/\/automatic.ee\/en\/toode\/montaazitooriist-generaatori-vabakaik-xzn\/","title":{"rendered":"Montaazit\u00f6\u00f6riist. generaatori vabak\u00e4ik XZN-"},"content":{"rendered":"<p>KL028427<\/p>\n","protected":false},"excerpt":{"rendered":"<p>KL028427<\/p>\n","protected":false},"featured_media":105938,"comment_status":"open","ping_status":"closed","template":"","meta":{"colormag_page_container_layout":"default_layout","colormag_page_sidebar_layout":"default_layout"},"product_brand":[],"product_cat":[116,142],"product_tag":[],"class_list":{"0":"post-105941","1":"product","2":"type-product","3":"status-publish","4":"has-post-thumbnail","6":"product_cat-kasitooriist","7":"product_cat-tooriistad","9":"first","10":"instock","11":"shipping-taxable","12":"purchasable","13":"product-type-simple"},"_links":{"self":[{"href":"https:\/\/automatic.ee\/en\/wp-json\/wp\/v2\/product\/105941","targetHints":{"allow":["GET"]}}],"collection":[{"href":"https:\/\/automatic.ee\/en\/wp-json\/wp\/v2\/product"}],"about":[{"href":"https:\/\/automatic.ee\/en\/wp-json\/wp\/v2\/types\/product"}],"replies":[{"embeddable":true,"href":"https:\/\/automatic.ee\/en\/wp-json\/wp\/v2\/comments?post=105941"}],"wp:featuredmedia":[{"embeddable":true,"href":"https:\/\/automatic.ee\/en\/wp-json\/wp\/v2\/media\/105938"}],"wp:attachment":[{"href":"https:\/\/automatic.ee\/en\/wp-json\/wp\/v2\/media?parent=105941"}],"wp:term":[{"taxonomy":"product_brand","embeddable":true,"href":"https:\/\/automatic.ee\/en\/wp-json\/wp\/v2\/product_brand?post=105941"},{"taxonomy":"product_cat","embeddable":true,"href":"https:\/\/automatic.ee\/en\/wp-json\/wp\/v2\/product_cat?post=105941"},{"taxonomy":"product_tag","embeddable":true,"href":"https:\/\/automatic.ee\/en\/wp-json\/wp\/v2\/product_tag?post=105941"}],"curies":[{"name":"wp","href":"https:\/\/api.w.org\/{rel}","templated":true}]}}