{"id":105925,"date":"2025-11-04T03:59:22","date_gmt":"2025-11-04T01:59:22","guid":{"rendered":"https:\/\/automatic.ee\/toode\/12v-oli-tuhjendus-ja-taitepump-ks-tools\/"},"modified":"2025-11-04T03:59:22","modified_gmt":"2025-11-04T01:59:22","slug":"12v-oli-tuhjendus-ja-taitepump-ks-tools","status":"publish","type":"product","link":"https:\/\/automatic.ee\/en\/toode\/12v-oli-tuhjendus-ja-taitepump-ks-tools\/","title":{"rendered":"12V \u00d5LI T\u00dcHJENDUS- JA T\u00c4ITEPUMP  KS TOOLS"},"content":{"rendered":"<p>KS TOOLS<\/p>\n<p>KS150.2820<\/p>\n","protected":false},"excerpt":{"rendered":"<p>KS150.2820<\/p>\n","protected":false},"featured_media":105922,"comment_status":"open","ping_status":"closed","template":"","meta":{"colormag_page_container_layout":"default_layout","colormag_page_sidebar_layout":"default_layout"},"product_brand":[],"product_cat":[142],"product_tag":[],"class_list":{"0":"post-105925","1":"product","2":"type-product","3":"status-publish","4":"has-post-thumbnail","6":"product_cat-tooriistad","8":"first","9":"instock","10":"shipping-taxable","11":"purchasable","12":"product-type-simple"},"_links":{"self":[{"href":"https:\/\/automatic.ee\/en\/wp-json\/wp\/v2\/product\/105925","targetHints":{"allow":["GET"]}}],"collection":[{"href":"https:\/\/automatic.ee\/en\/wp-json\/wp\/v2\/product"}],"about":[{"href":"https:\/\/automatic.ee\/en\/wp-json\/wp\/v2\/types\/product"}],"replies":[{"embeddable":true,"href":"https:\/\/automatic.ee\/en\/wp-json\/wp\/v2\/comments?post=105925"}],"wp:featuredmedia":[{"embeddable":true,"href":"https:\/\/automatic.ee\/en\/wp-json\/wp\/v2\/media\/105922"}],"wp:attachment":[{"href":"https:\/\/automatic.ee\/en\/wp-json\/wp\/v2\/media?parent=105925"}],"wp:term":[{"taxonomy":"product_brand","embeddable":true,"href":"https:\/\/automatic.ee\/en\/wp-json\/wp\/v2\/product_brand?post=105925"},{"taxonomy":"product_cat","embeddable":true,"href":"https:\/\/automatic.ee\/en\/wp-json\/wp\/v2\/product_cat?post=105925"},{"taxonomy":"product_tag","embeddable":true,"href":"https:\/\/automatic.ee\/en\/wp-json\/wp\/v2\/product_tag?post=105925"}],"curies":[{"name":"wp","href":"https:\/\/api.w.org\/{rel}","templated":true}]}}