{"id":105841,"date":"2025-11-04T03:57:50","date_gmt":"2025-11-04T01:57:50","guid":{"rendered":"https:\/\/automatic.ee\/toode\/led-lisatuli-kaug-35w-12-24v-ref-27-5-osram\/"},"modified":"2025-11-04T03:57:50","modified_gmt":"2025-11-04T01:57:50","slug":"led-lisatuli-kaug-35w-12-24v-ref-27-5-osram","status":"publish","type":"product","link":"https:\/\/automatic.ee\/en\/toode\/led-lisatuli-kaug-35w-12-24v-ref-27-5-osram\/","title":{"rendered":"LED LISATULI (KAUG) 35W 12\/24V Ref.27.5 OSRAM"},"content":{"rendered":"<h4>kaugtuli led paneel 35w pikkus 309mm 12\/24v 2700lm combo ece<\/h4>\n<p>LIGHTBAR FX250-CB kaugtuli(HR) combo vagusvihk ECE R112 markeeringuga Ref.275 tule pikkus 309mm kinnitustega pikkus max.400mm 12\/24V 2700Lm 6000K 35W valgusvihk kuni 360m 5\u00b0 nurga all \u00fcle ja alapinge kaitse integreeritud toiteplokk kaabli pikkus 1m   Eluiga 5000h  IP67 garantii kuni 5a. <\/p>\n<p>Suurenenud heledus t\u00e4nu LED-lisatuledele kauge ja l\u00e4hipiirkonna valgustamiseks.<\/p>\n<p>Eriti maapiirkondades ja poristel teedel s\u00f5ites v\u00f5ib suurem n\u00e4htavus m\u00e4ngida ohutuse tagamisel v\u00f5tmerolli. LEDriving Lightbar FX250-CB on ECE-ga \u00fchilduv LED-lisavalgusti, mis tagab pimedatel teedel t\u00e4iendava kaugev\u00e4lja valgustuse.<\/p>\n<p>Isegi halva n\u00e4htavuse korral v\u00f5i h\u00e4maruses j\u00f5uavad k\u00fcmme suure j\u00f5udlusega LED-i valguse kauguseni kuni 320 meetrit ja p\u00e4evasteks valgustingimusteks v\u00e4rvitemperatuur 6000 kelvinit.<\/p>\n<p>Autot\u00f6\u00f6stuses kasutatavat lisavalgust saab kasutada nii t\u00e4iendava LED-kaugtulena kui ka v\u00f5imsa t\u00f6\u00f6valgustina. Tuli sobib m\u00f5lemas versioonis t\u00e4ielikult ECE-ga ja sobib seet\u00f5ttu kasutamiseks teedel.<\/p>\n<p>Arukas reflektorkonstruktsioon juhib LED-idelt valgust nii, et vastassuunav liiklus on valgusele ainult kaudselt avatud. Viie kraadise valgusnurga korral ei pea vastassuunas liikuvad s\u00f5idukid asjatult pimestama ja valgus jaotub \u00fchtlaselt.<\/p>\n<p>Tugev ja vastupidav t\u00e4nu suurep\u00e4rasele viimistlusele<\/p>\n<p>LED-lisavalgustina peab LEDriving Lightbar FX250-CB \u00fcsna palju vastu pidama. Selle kompaktne korpus ja eriti vastupidav pol\u00fckarbonaadist l\u00e4\u00e4ts saavad just seda teha. Autode LED-riba v\u00f5ib p\u00fcsida k\u00f5ige ekstreemsemates ilmastiku- ja keskkonnatingimustes.<\/p>\n<p>Veelgi enam, integreeritud draiver ja soojusjuhtimiss\u00fcsteem tagavad, et k\u00fcmme suure j\u00f5udlusega LED-i ei kuumeneks \u00fcle. T\u00e4ielik polaarsuse kaitse v\u00e4ldib liigpinge kahjustusi ja suurendab LED-riba pikemat eluiga.<\/p>\n<p>Ohutu ja paindlik nii maanteel kui ka maastikul<\/p>\n<p>Selle varieeruvus annab LEDriving Lightbar FX250-CB paindliku kasutusala. LED-tulesid saab paigaldada autodele, tarbes\u00f5idukitele, harrastus- ja 4&#215;4-s\u00f5idukitele ning p\u00f5llumajanduss\u00f5idukitele. T\u00e4nu \u00fclikergele heledusele on need ideaalsed ka maastikus\u00f5idukite LED-t\u00f6\u00f6tuledena.<\/p>\n<p>V\u00f5imas 2700lm luumeniga LED-lisavalgusti tagab iga rakenduse jaoks suurima optilise kasuteguri ja esteetilise, homogeense valgusjaotuse.<\/p>\n","protected":false},"excerpt":{"rendered":"<p>LEDDL103-CB<\/p>\n","protected":false},"featured_media":105838,"comment_status":"open","ping_status":"closed","template":"","meta":{"colormag_page_container_layout":"default_layout","colormag_page_sidebar_layout":"default_layout"},"product_brand":[],"product_cat":[119],"product_tag":[],"class_list":{"0":"post-105841","1":"product","2":"type-product","3":"status-publish","4":"has-post-thumbnail","6":"product_cat-lisatuled-led","8":"first","9":"instock","10":"shipping-taxable","11":"purchasable","12":"product-type-simple"},"_links":{"self":[{"href":"https:\/\/automatic.ee\/en\/wp-json\/wp\/v2\/product\/105841","targetHints":{"allow":["GET"]}}],"collection":[{"href":"https:\/\/automatic.ee\/en\/wp-json\/wp\/v2\/product"}],"about":[{"href":"https:\/\/automatic.ee\/en\/wp-json\/wp\/v2\/types\/product"}],"replies":[{"embeddable":true,"href":"https:\/\/automatic.ee\/en\/wp-json\/wp\/v2\/comments?post=105841"}],"wp:featuredmedia":[{"embeddable":true,"href":"https:\/\/automatic.ee\/en\/wp-json\/wp\/v2\/media\/105838"}],"wp:attachment":[{"href":"https:\/\/automatic.ee\/en\/wp-json\/wp\/v2\/media?parent=105841"}],"wp:term":[{"taxonomy":"product_brand","embeddable":true,"href":"https:\/\/automatic.ee\/en\/wp-json\/wp\/v2\/product_brand?post=105841"},{"taxonomy":"product_cat","embeddable":true,"href":"https:\/\/automatic.ee\/en\/wp-json\/wp\/v2\/product_cat?post=105841"},{"taxonomy":"product_tag","embeddable":true,"href":"https:\/\/automatic.ee\/en\/wp-json\/wp\/v2\/product_tag?post=105841"}],"curies":[{"name":"wp","href":"https:\/\/api.w.org\/{rel}","templated":true}]}}