{"id":105833,"date":"2025-11-04T03:57:41","date_gmt":"2025-11-04T01:57:41","guid":{"rendered":"https:\/\/automatic.ee\/toode\/led-2tk-28-2w-12-24v-ref-10-osram\/"},"modified":"2025-11-04T03:57:41","modified_gmt":"2025-11-04T01:57:41","slug":"led-2tk-28-2w-12-24v-ref-10-osram","status":"publish","type":"product","link":"https:\/\/automatic.ee\/en\/toode\/led-2tk-28-2w-12-24v-ref-10-osram\/","title":{"rendered":"LED 2tk 28\/2W 12\/24V Ref.10 OSRAM"},"content":{"rendered":"<h4>LED lisatuli 12\/24V 14W 6000K LEDDL105-SP<\/h4>\n<p>kitsas seeria. Suurendab s\u00f5iduohutust t\u00e4nu pikale valgusvihule. \u00dchtlane valgustatus valgusvihu kogu ulatuses. Osrami kvaliteet, vastupidav mehaanilistele vigastustele. Eluga ca 5000h tundi, garantii 5 aastat.<\/p>\n<ul>\n<li>Valgusvihu pikkus: ca 190 m<\/li>\n<li>Valguse temperatuur: 6000 K<\/li>\n<li>1300lm<\/li>\n<li>Toite v\u00f5imsus: 14 W<\/li>\n<li>Sisendpinge: 12\/24 V<\/li>\n<li>ECE: R112 (ECE Ref. 10)<\/li>\n<li>Kaal: 450 g<\/li>\n<\/ul>\n<p>Vastupidav LED lisavalgusti, millel on sertifitseeritud luba kasutamiseks teedel. Pikkus 182mm<\/p>\n<p>Ere valgus on eriti kriitiline valgustamata t\u00e4navatel ja mustadel teedel. See v\u00f5imaldab juhtidel aegsasti  tuvastada maanteel olevad takistused. Kuue suure j\u00f5udlusega LED-i abil annab LEDriving Lightbar SX180-SP mootors\u00f5idukite lisavalgusti juhtidele parema n\u00e4htavuse ja parema ohutuse maanteel.<\/p>\n<p>Ja LED-lisavalgus avaldab muljet ka l\u00fchematel vahemaadel. \u00dche luksi valgustatuse ja kaheksakraadise valgusnurga korral v\u00f5ib valguskiir ulatuda kuni 190 meetrini. Sellest piisab, et tuvastada maanteel olevad takistused aegsasti.<\/p>\n<p>LED-otsingutulede keerukas reflektorkonstruktsioon tagab v\u00e4ga k\u00f5rge optilise kasuteguri \u00fchtlase valguse jaotuse ja v\u00e4hendatud pimestamisega. V\u00e4hendatud pimestamine on eriti oluline vastassuunav\u00f6\u00f6ndis ja on veel \u00fcks oluline liiklusohutuse aspekt.<\/p>\n<p>Lisaks oma v\u00e4ljundv\u00f5imsusele suurendab LED-kaugtuled s\u00f5iduki maastikulist stiili. Kuna sertifitseeritud sertifikaadiga LED-lisavalgusti on ette n\u00e4htud maanteedele, ei piirdu selle kasutamine ainult maastikul.<\/p>\n<p>Erinevad paigaldusv\u00f5imalused ja vastupidavus<\/p>\n<p>On \u00fctlematagi selge, et LED-lisavalgusti peab peaaegu iga p\u00e4ev kasutamisel h\u00e4sti vastu pidama. Selle vastupidavusega pol\u00fckarbonaatl\u00e4\u00e4ts v\u00f5imaldab tal vastata ka k\u00f5ige raskematele n\u00f5udmistele, pikendades samas autode lisatulede eluiga.<\/p>\n<p>Integreeritud draiver ja soojusjuhtimiss\u00fcsteem v\u00e4ldivad v\u00f5imalikke \u00fclekuumenemise kahjustusi. \u00dcle- ja alapingekaitse katkestab vooluringi automaatselt, kui v\u00f5imsus \u00fcletab m\u00e4\u00e4ratud aja jooksul etteantud voolu.<\/p>\n<p>Isegi suured temperatuurik\u00f5ikumised pole LEDriving Lightbar SX180-SP LED lisatulede jaoks probleem. Need toimivad s\u00f5ltumata sellest, kas \u00f5hutemperatuur on v\u00e4ga k\u00fclm -30 v\u00f5i kuum 60 kraadi. See on v\u00e4ga kasulik funktsioon, eriti maastikus\u00f5idul.<\/p>\n<p>Selle kompaktsed kinnitusm\u00f5\u00f5dud v\u00f5imaldavad LED-valgustit paigaldada mitmel viisil. LED-lisavalgust saab h\u00f5lpsasti paigaldada isegi 4&#215;4 esiotsa ja maastikus\u00f5idukite, aga ka tarbes\u00f5idukitele.<\/p>\n<p>Kandiline kuju \/ Paneel<\/p>\n","protected":false},"excerpt":{"rendered":"<p>LEDDL105SP<\/p>\n","protected":false},"featured_media":105830,"comment_status":"open","ping_status":"closed","template":"","meta":{"colormag_page_container_layout":"default_layout","colormag_page_sidebar_layout":"default_layout"},"product_brand":[],"product_cat":[119],"product_tag":[],"class_list":{"0":"post-105833","1":"product","2":"type-product","3":"status-publish","4":"has-post-thumbnail","6":"product_cat-lisatuled-led","8":"first","9":"instock","10":"shipping-taxable","11":"purchasable","12":"product-type-simple"},"_links":{"self":[{"href":"https:\/\/automatic.ee\/en\/wp-json\/wp\/v2\/product\/105833","targetHints":{"allow":["GET"]}}],"collection":[{"href":"https:\/\/automatic.ee\/en\/wp-json\/wp\/v2\/product"}],"about":[{"href":"https:\/\/automatic.ee\/en\/wp-json\/wp\/v2\/types\/product"}],"replies":[{"embeddable":true,"href":"https:\/\/automatic.ee\/en\/wp-json\/wp\/v2\/comments?post=105833"}],"wp:featuredmedia":[{"embeddable":true,"href":"https:\/\/automatic.ee\/en\/wp-json\/wp\/v2\/media\/105830"}],"wp:attachment":[{"href":"https:\/\/automatic.ee\/en\/wp-json\/wp\/v2\/media?parent=105833"}],"wp:term":[{"taxonomy":"product_brand","embeddable":true,"href":"https:\/\/automatic.ee\/en\/wp-json\/wp\/v2\/product_brand?post=105833"},{"taxonomy":"product_cat","embeddable":true,"href":"https:\/\/automatic.ee\/en\/wp-json\/wp\/v2\/product_cat?post=105833"},{"taxonomy":"product_tag","embeddable":true,"href":"https:\/\/automatic.ee\/en\/wp-json\/wp\/v2\/product_tag?post=105833"}],"curies":[{"name":"wp","href":"https:\/\/api.w.org\/{rel}","templated":true}]}}