{"id":105817,"date":"2025-11-04T03:57:23","date_gmt":"2025-11-04T01:57:23","guid":{"rendered":"https:\/\/automatic.ee\/toode\/led-lisatuli-12v-12-5w-5200k-osram\/"},"modified":"2025-11-04T03:57:23","modified_gmt":"2025-11-04T01:57:23","slug":"led-lisatuli-12v-12-5w-5200k-osram","status":"publish","type":"product","link":"https:\/\/automatic.ee\/en\/toode\/led-lisatuli-12v-12-5w-5200k-osram\/","title":{"rendered":"LED LISATULI 12V 12.5W 5200K OSRAM"},"content":{"rendered":"<h4>P\u00e4evatulede komplekt LEDDRL301<\/h4>\n<p>Viie LED-iga mustrilise dioodkujundusega LEDriving PX-5 annab teie s\u00f5idukile moodsa ja stiilse ilme. See p\u00e4evas\u00f5idutulede s\u00fcsteem \u00fchildub paljude s\u00f5idukimudelitega ja on h\u00f5lpsasti paigaldatav. LEDriving s\u00fcsteemi hoolikas disain tagab horisontaalse 10-kraadise kalde. Lisaks saab vasak- ja parempoolseid lampe vahetada, muutes paigalduse lihtsaks. Lisaks pakub k\u00f5rge v\u00e4rvitemperatuur 5200K Kelvinit ja pikk t\u00f6\u00f6aeg kuni 5000h tundi LEDriving PX-5 abil l\u00f5putut s\u00f5idur\u00f5\u00f5mu. M\u00e4rkus: LEDriving PX-5 on sertifitseeritud vastavalt ECE, SAE ja CCC m\u00e4\u00e4rustele (ECE E4 kinnitus; ECE R87 kinnitus).<\/p>\n<p>12.5W nominaal<\/p>\n<p>12v<\/p>\n<p>5200K<\/p>\n<p>300lm<\/p>\n<p>ECE R87 <\/p>\n<p>E4 heakskiit <\/p>\n<p>Pikkus: 160mm<\/p>\n<p>Laius: 30mm<\/p>\n<p>K\u00f5rgus: 23mm <\/p>\n","protected":false},"excerpt":{"rendered":"<p>LEDDRL301<\/p>\n","protected":false},"featured_media":105814,"comment_status":"open","ping_status":"closed","template":"","meta":{"colormag_page_container_layout":"default_layout","colormag_page_sidebar_layout":"default_layout"},"product_brand":[],"product_cat":[119],"product_tag":[],"class_list":{"0":"post-105817","1":"product","2":"type-product","3":"status-publish","4":"has-post-thumbnail","6":"product_cat-lisatuled-led","8":"first","9":"instock","10":"shipping-taxable","11":"purchasable","12":"product-type-simple"},"_links":{"self":[{"href":"https:\/\/automatic.ee\/en\/wp-json\/wp\/v2\/product\/105817","targetHints":{"allow":["GET"]}}],"collection":[{"href":"https:\/\/automatic.ee\/en\/wp-json\/wp\/v2\/product"}],"about":[{"href":"https:\/\/automatic.ee\/en\/wp-json\/wp\/v2\/types\/product"}],"replies":[{"embeddable":true,"href":"https:\/\/automatic.ee\/en\/wp-json\/wp\/v2\/comments?post=105817"}],"wp:featuredmedia":[{"embeddable":true,"href":"https:\/\/automatic.ee\/en\/wp-json\/wp\/v2\/media\/105814"}],"wp:attachment":[{"href":"https:\/\/automatic.ee\/en\/wp-json\/wp\/v2\/media?parent=105817"}],"wp:term":[{"taxonomy":"product_brand","embeddable":true,"href":"https:\/\/automatic.ee\/en\/wp-json\/wp\/v2\/product_brand?post=105817"},{"taxonomy":"product_cat","embeddable":true,"href":"https:\/\/automatic.ee\/en\/wp-json\/wp\/v2\/product_cat?post=105817"},{"taxonomy":"product_tag","embeddable":true,"href":"https:\/\/automatic.ee\/en\/wp-json\/wp\/v2\/product_tag?post=105817"}],"curies":[{"name":"wp","href":"https:\/\/api.w.org\/{rel}","templated":true}]}}