{"id":105717,"date":"2025-11-04T03:55:39","date_gmt":"2025-11-04T01:55:39","guid":{"rendered":"https:\/\/automatic.ee\/toode\/bensiinilisand-hubriidautodele-250ml\/"},"modified":"2025-11-04T03:55:39","modified_gmt":"2025-11-04T01:55:39","slug":"bensiinilisand-hubriidautodele-250ml","status":"publish","type":"product","link":"https:\/\/automatic.ee\/en\/toode\/bensiinilisand-hubriidautodele-250ml\/","title":{"rendered":"Bensiinilisand h\u00fcbriidautodele 250ml"},"content":{"rendered":"<p>KIRJELDUS: spetsiaalselt uusimate h\u00fcbriidmootorite jaoks v\u00e4lja t\u00f6\u00f6tatud lisand. Sellel on suurep\u00e4rane puhastusefekt, mis on kohandatud mootoritehnoloogiale. Eemaldab setted ja kaitseb korrosiooni eest. Stabiliseerib k\u00fctust ning kaitseb vananemise ja oks\u00fcdeerumise eest.  H\u00fcbriidautosid iseloomustab madal k\u00fctusekulu ja m\u00f5nel juhul ka t\u00e4iselektriline ajam. Selle tulemuseks on see, et bensiinimootor t\u00f6\u00f6tab sageli k\u00fclmalt, samuti k\u00e4ivitub ja seiskub. Ka k\u00fctus p\u00fcsib paagis suhteliselt kaua.<\/p>\n<p><span><\/span>OMADUSED  &#8211; takistab sademete teket  &#8211; optimaalne vastupidavus vananemisele  &#8211; hea korrosioonikaitse  &#8211; k\u00fctusekulu  &#8211; stabiliseerib k\u00fctust pika kasutusea jooksul  &#8211; Sobib kollektorissepritse ja otsesissepritsega mootoritele  &#8211; puhastab sissepritses\u00fcsteemi ja p\u00f5lemiskambri  &#8211; v\u00e4hendab saasteainete heitkoguseid  &#8211; v\u00e4hendab CO2 emissiooni     KASUTUSALA: Sobib k\u00f5ikidele bensiinimootoriga h\u00fcbriids\u00f5idukitele. Lisatakse otse k\u00fctusepaaki. 250 ml on piisav 75 liitri k\u00fctuse jaoks (doos 1:300).  KASUTAMINE: lisage lisand otse paaki. \u00dchest kanistrist piisab 75 liitri bensiini jaoks.<\/p>\n<p><\/p>\n","protected":false},"excerpt":{"rendered":"<p>LM1001 LIQUI MOLY<\/p>\n","protected":false},"featured_media":105714,"comment_status":"open","ping_status":"closed","template":"","meta":{"colormag_page_container_layout":"default_layout","colormag_page_sidebar_layout":"default_layout"},"product_brand":[],"product_cat":[108],"product_tag":[],"class_list":{"0":"post-105717","1":"product","2":"type-product","3":"status-publish","4":"has-post-thumbnail","6":"product_cat-misc","8":"first","9":"instock","10":"shipping-taxable","11":"purchasable","12":"product-type-simple"},"_links":{"self":[{"href":"https:\/\/automatic.ee\/en\/wp-json\/wp\/v2\/product\/105717","targetHints":{"allow":["GET"]}}],"collection":[{"href":"https:\/\/automatic.ee\/en\/wp-json\/wp\/v2\/product"}],"about":[{"href":"https:\/\/automatic.ee\/en\/wp-json\/wp\/v2\/types\/product"}],"replies":[{"embeddable":true,"href":"https:\/\/automatic.ee\/en\/wp-json\/wp\/v2\/comments?post=105717"}],"wp:featuredmedia":[{"embeddable":true,"href":"https:\/\/automatic.ee\/en\/wp-json\/wp\/v2\/media\/105714"}],"wp:attachment":[{"href":"https:\/\/automatic.ee\/en\/wp-json\/wp\/v2\/media?parent=105717"}],"wp:term":[{"taxonomy":"product_brand","embeddable":true,"href":"https:\/\/automatic.ee\/en\/wp-json\/wp\/v2\/product_brand?post=105717"},{"taxonomy":"product_cat","embeddable":true,"href":"https:\/\/automatic.ee\/en\/wp-json\/wp\/v2\/product_cat?post=105717"},{"taxonomy":"product_tag","embeddable":true,"href":"https:\/\/automatic.ee\/en\/wp-json\/wp\/v2\/product_tag?post=105717"}],"curies":[{"name":"wp","href":"https:\/\/api.w.org\/{rel}","templated":true}]}}