{"id":105705,"date":"2025-11-04T03:55:25","date_gmt":"2025-11-04T01:55:25","guid":{"rendered":"https:\/\/automatic.ee\/toode\/hudrotoukurite-lisand-300ml-liqui-moly\/"},"modified":"2025-11-04T03:55:25","modified_gmt":"2025-11-04T01:55:25","slug":"hudrotoukurite-lisand-300ml-liqui-moly","status":"publish","type":"product","link":"https:\/\/automatic.ee\/en\/toode\/hudrotoukurite-lisand-300ml-liqui-moly\/","title":{"rendered":"H\u00fcdrot\u00f5ukurite lisand 300ml LIQUI MOLY"},"content":{"rendered":"<p>Vaigistab kulunud ja\/v\u00f5i ummistunud h\u00fcdrot\u00f5ukuritest tingitud m\u00fcra. Puhastab \u00f5litusahela \u00f5liavad ja -kanalid. Tagab h\u00fcdrot\u00f5ukurite parima j\u00f5udluse ja vaiksuse, suurendades mootori t\u00f6\u00f6kindlust ja s\u00f5idumugavust.<\/p>\n<p>LIQUI MOLY<\/p>\n<p>LM1009<\/p>\n","protected":false},"excerpt":{"rendered":"<p>LM1009 LIQUI MOLY<\/p>\n","protected":false},"featured_media":105702,"comment_status":"open","ping_status":"closed","template":"","meta":{"colormag_page_container_layout":"default_layout","colormag_page_sidebar_layout":"default_layout"},"product_brand":[],"product_cat":[108],"product_tag":[],"class_list":{"0":"post-105705","1":"product","2":"type-product","3":"status-publish","4":"has-post-thumbnail","6":"product_cat-misc","8":"first","9":"instock","10":"shipping-taxable","11":"purchasable","12":"product-type-simple"},"_links":{"self":[{"href":"https:\/\/automatic.ee\/en\/wp-json\/wp\/v2\/product\/105705","targetHints":{"allow":["GET"]}}],"collection":[{"href":"https:\/\/automatic.ee\/en\/wp-json\/wp\/v2\/product"}],"about":[{"href":"https:\/\/automatic.ee\/en\/wp-json\/wp\/v2\/types\/product"}],"replies":[{"embeddable":true,"href":"https:\/\/automatic.ee\/en\/wp-json\/wp\/v2\/comments?post=105705"}],"wp:featuredmedia":[{"embeddable":true,"href":"https:\/\/automatic.ee\/en\/wp-json\/wp\/v2\/media\/105702"}],"wp:attachment":[{"href":"https:\/\/automatic.ee\/en\/wp-json\/wp\/v2\/media?parent=105705"}],"wp:term":[{"taxonomy":"product_brand","embeddable":true,"href":"https:\/\/automatic.ee\/en\/wp-json\/wp\/v2\/product_brand?post=105705"},{"taxonomy":"product_cat","embeddable":true,"href":"https:\/\/automatic.ee\/en\/wp-json\/wp\/v2\/product_cat?post=105705"},{"taxonomy":"product_tag","embeddable":true,"href":"https:\/\/automatic.ee\/en\/wp-json\/wp\/v2\/product_tag?post=105705"}],"curies":[{"name":"wp","href":"https:\/\/api.w.org\/{rel}","templated":true}]}}