{"id":105693,"date":"2025-11-04T03:55:11","date_gmt":"2025-11-04T01:55:11","guid":{"rendered":"https:\/\/automatic.ee\/toode\/olilisand-mos2-ga-200ml\/"},"modified":"2025-11-04T03:55:11","modified_gmt":"2025-11-04T01:55:11","slug":"olilisand-mos2-ga-200ml","status":"publish","type":"product","link":"https:\/\/automatic.ee\/en\/toode\/olilisand-mos2-ga-200ml\/","title":{"rendered":"\u00d5lilisand MoS2-ga 200ml"},"content":{"rendered":"<p>MoS2 madala viskoossusega mootori\u00f5li moodustab \u00fclimalt vastupidava m\u00e4\u00e4rdekihi k\u00f5ikidele h\u00f5\u00f5rduvatele ja liuguvatele metallpindadele. See v\u00e4hendab h\u00f5\u00f5rdumist, millega tagatakse agregaatide sujuvam t\u00f6\u00f6. Sellega kaasnevad j\u00e4rgmised eelised: M\u00e4rkimisv\u00e4\u00e4rne k\u00fctuse ja \u00f5li kokkuhoid, kulumise teaduslikult t\u00f5estatud aeglustumine, k\u00f5rge t\u00f6\u00f6kindlus, h\u00f5\u00f5rdumisvastased omadused.<\/p>\n<p>LIQUI MOLY<\/p>\n<p>LM1012<\/p>\n","protected":false},"excerpt":{"rendered":"<p>LM1012 LIQUI MOLY<\/p>\n","protected":false},"featured_media":105690,"comment_status":"open","ping_status":"closed","template":"","meta":{"colormag_page_container_layout":"default_layout","colormag_page_sidebar_layout":"default_layout"},"product_brand":[],"product_cat":[108],"product_tag":[],"class_list":{"0":"post-105693","1":"product","2":"type-product","3":"status-publish","4":"has-post-thumbnail","6":"product_cat-misc","8":"first","9":"instock","10":"shipping-taxable","11":"purchasable","12":"product-type-simple"},"_links":{"self":[{"href":"https:\/\/automatic.ee\/en\/wp-json\/wp\/v2\/product\/105693","targetHints":{"allow":["GET"]}}],"collection":[{"href":"https:\/\/automatic.ee\/en\/wp-json\/wp\/v2\/product"}],"about":[{"href":"https:\/\/automatic.ee\/en\/wp-json\/wp\/v2\/types\/product"}],"replies":[{"embeddable":true,"href":"https:\/\/automatic.ee\/en\/wp-json\/wp\/v2\/comments?post=105693"}],"wp:featuredmedia":[{"embeddable":true,"href":"https:\/\/automatic.ee\/en\/wp-json\/wp\/v2\/media\/105690"}],"wp:attachment":[{"href":"https:\/\/automatic.ee\/en\/wp-json\/wp\/v2\/media?parent=105693"}],"wp:term":[{"taxonomy":"product_brand","embeddable":true,"href":"https:\/\/automatic.ee\/en\/wp-json\/wp\/v2\/product_brand?post=105693"},{"taxonomy":"product_cat","embeddable":true,"href":"https:\/\/automatic.ee\/en\/wp-json\/wp\/v2\/product_cat?post=105693"},{"taxonomy":"product_tag","embeddable":true,"href":"https:\/\/automatic.ee\/en\/wp-json\/wp\/v2\/product_tag?post=105693"}],"curies":[{"name":"wp","href":"https:\/\/api.w.org\/{rel}","templated":true}]}}