{"id":105597,"date":"2025-11-04T03:53:24","date_gmt":"2025-11-04T01:53:24","guid":{"rendered":"https:\/\/automatic.ee\/toode\/naturaalsest-nahast-poleerimislapp\/"},"modified":"2025-11-04T03:53:24","modified_gmt":"2025-11-04T01:53:24","slug":"naturaalsest-nahast-poleerimislapp","status":"publish","type":"product","link":"https:\/\/automatic.ee\/en\/toode\/naturaalsest-nahast-poleerimislapp\/","title":{"rendered":"Naturaalsest nahast poleerimislapp"},"content":{"rendered":"<p>Nahklapp klaasist, v\u00e4rvitud ja kroompindadelt niiskuse p\u00fchkimiseks ja imamiseks.<\/p>\n<div>Imab h\u00e4sti niiskust, j\u00e4tmata triipe ega plekke.<\/div>\n<div>M\u00f5eldud kasutamiseks ainult puhta veega.<\/div>\n<div>\u00c4rge kasutage koos auto\u0161ampoonide ega pesupehmendajatega.<\/div>\n<div>V\u00e4ltige lapi niiskena hoidmist ega otsese p\u00e4ikesevalguse v\u00f5i kuumuse k\u00e4es hoidmist.<\/div>\n<div>Lapi pesemiseks on soovitatav kasutada tavalist seepi.<\/div>\n","protected":false},"excerpt":{"rendered":"<p>LM1596 LIQUI MOLY<\/p>\n","protected":false},"featured_media":105594,"comment_status":"open","ping_status":"closed","template":"","meta":{"colormag_page_container_layout":"default_layout","colormag_page_sidebar_layout":"default_layout"},"product_brand":[],"product_cat":[108],"product_tag":[],"class_list":{"0":"post-105597","1":"product","2":"type-product","3":"status-publish","4":"has-post-thumbnail","6":"product_cat-misc","8":"first","9":"instock","10":"shipping-taxable","11":"purchasable","12":"product-type-simple"},"_links":{"self":[{"href":"https:\/\/automatic.ee\/en\/wp-json\/wp\/v2\/product\/105597","targetHints":{"allow":["GET"]}}],"collection":[{"href":"https:\/\/automatic.ee\/en\/wp-json\/wp\/v2\/product"}],"about":[{"href":"https:\/\/automatic.ee\/en\/wp-json\/wp\/v2\/types\/product"}],"replies":[{"embeddable":true,"href":"https:\/\/automatic.ee\/en\/wp-json\/wp\/v2\/comments?post=105597"}],"wp:featuredmedia":[{"embeddable":true,"href":"https:\/\/automatic.ee\/en\/wp-json\/wp\/v2\/media\/105594"}],"wp:attachment":[{"href":"https:\/\/automatic.ee\/en\/wp-json\/wp\/v2\/media?parent=105597"}],"wp:term":[{"taxonomy":"product_brand","embeddable":true,"href":"https:\/\/automatic.ee\/en\/wp-json\/wp\/v2\/product_brand?post=105597"},{"taxonomy":"product_cat","embeddable":true,"href":"https:\/\/automatic.ee\/en\/wp-json\/wp\/v2\/product_cat?post=105597"},{"taxonomy":"product_tag","embeddable":true,"href":"https:\/\/automatic.ee\/en\/wp-json\/wp\/v2\/product_tag?post=105597"}],"curies":[{"name":"wp","href":"https:\/\/api.w.org\/{rel}","templated":true}]}}