{"id":105585,"date":"2025-11-04T03:53:13","date_gmt":"2025-11-04T01:53:13","guid":{"rendered":"https:\/\/automatic.ee\/toode\/plastikdetailide-hooldusvahend-tsitruse-300ml\/"},"modified":"2025-11-04T03:53:13","modified_gmt":"2025-11-04T01:53:13","slug":"plastikdetailide-hooldusvahend-tsitruse-300ml","status":"publish","type":"product","link":"https:\/\/automatic.ee\/en\/toode\/plastikdetailide-hooldusvahend-tsitruse-300ml\/","title":{"rendered":"Plastikdetailide hooldusvahend tsitruse 300ml"},"content":{"rendered":"<p><strong>Kirjeldus<\/strong><br \/> <span class=\"relative -mx-px my-[-0.2rem] rounded px-px py-[0.2rem] transition-colors duration-100 ease-in-out\">Silikoonp\u00f5hine konditsioneer\u2011spray plastikule ja kummile auto interj\u00f6\u00f6ris. S\u00fcgav tungimine tagab kauakestva efekti, on antistaatiline ja t\u00f5rjub tolmu<\/span> .<\/p>\n<p><strong>Kasutusala<\/strong><br \/> <span class=\"relative -mx-px my-[-0.2rem] rounded px-px py-[0.2rem] transition-colors duration-100 ease-in-out\">Sobib armatuurlaudade, paneelide, kaitseraudade ning plast- ja kummikatted taastamiseks. Taastab tuhmid ja pleekinud pinnad, lisades elava v\u00e4limuse<\/span> .<\/p>\n<p><strong>Kasutusjuhis<\/strong><\/p>\n<ol>\n<li> Raputa purk enne kasutamist.<\/li>\n<li> Pihusta \u00f5rnalt ~20\u202fcm kauguselt.<\/li>\n<li> P\u00fchkige pehme lapiga.<\/li>\n<li> Eemalda vajadusel \u00fcleliigne.<\/li>\n<li> \u00c4ra kasuta roolil v\u00f5i pedaalidel \u2014 libisemisohu t\u00f5ttu.<\/li>\n<\/ol>\n","protected":false},"excerpt":{"rendered":"<p>LM1599 LIQUI MOLY<\/p>\n","protected":false},"featured_media":105582,"comment_status":"open","ping_status":"closed","template":"","meta":{"colormag_page_container_layout":"default_layout","colormag_page_sidebar_layout":"default_layout"},"product_brand":[],"product_cat":[108],"product_tag":[],"class_list":{"0":"post-105585","1":"product","2":"type-product","3":"status-publish","4":"has-post-thumbnail","6":"product_cat-misc","8":"first","9":"instock","10":"shipping-taxable","11":"purchasable","12":"product-type-simple"},"_links":{"self":[{"href":"https:\/\/automatic.ee\/en\/wp-json\/wp\/v2\/product\/105585","targetHints":{"allow":["GET"]}}],"collection":[{"href":"https:\/\/automatic.ee\/en\/wp-json\/wp\/v2\/product"}],"about":[{"href":"https:\/\/automatic.ee\/en\/wp-json\/wp\/v2\/types\/product"}],"replies":[{"embeddable":true,"href":"https:\/\/automatic.ee\/en\/wp-json\/wp\/v2\/comments?post=105585"}],"wp:featuredmedia":[{"embeddable":true,"href":"https:\/\/automatic.ee\/en\/wp-json\/wp\/v2\/media\/105582"}],"wp:attachment":[{"href":"https:\/\/automatic.ee\/en\/wp-json\/wp\/v2\/media?parent=105585"}],"wp:term":[{"taxonomy":"product_brand","embeddable":true,"href":"https:\/\/automatic.ee\/en\/wp-json\/wp\/v2\/product_brand?post=105585"},{"taxonomy":"product_cat","embeddable":true,"href":"https:\/\/automatic.ee\/en\/wp-json\/wp\/v2\/product_cat?post=105585"},{"taxonomy":"product_tag","embeddable":true,"href":"https:\/\/automatic.ee\/en\/wp-json\/wp\/v2\/product_tag?post=105585"}],"curies":[{"name":"wp","href":"https:\/\/api.w.org\/{rel}","templated":true}]}}