{"id":105537,"date":"2025-11-04T03:52:15","date_gmt":"2025-11-04T01:52:15","guid":{"rendered":"https:\/\/automatic.ee\/toode\/universaalpuhastusvahend-12000-1l\/"},"modified":"2025-11-04T03:52:15","modified_gmt":"2025-11-04T01:52:15","slug":"universaalpuhastusvahend-12000-1l","status":"publish","type":"product","link":"https:\/\/automatic.ee\/en\/toode\/universaalpuhastusvahend-12000-1l\/","title":{"rendered":"Universaalpuhastusvahend 1:2000 1L"},"content":{"rendered":"<p><strong>Kirjeldus:<\/strong><\/p>\n<p> <span class=\"relative -mx-px my-[-0.2rem] rounded px-px py-[0.2rem] transition-colors duration-100 ease-in-out\">Kontsentreeritud universaalne puhastus\u2011 ja rasvaeemaldusvahend, vees lahjendatav. Fosfaadi-, silikaadi\u2011 ja lahustivaba. Biolagunev<\/span><\/p>\n<p><strong>Kasutusvaldkonnad:<\/strong><\/p>\n<ul>\n<li> <span class=\"relative -mx-px my-[-0.2rem] rounded px-px py-[0.2rem] transition-colors duration-100 ease-in-out\">Tahma, tolmu, tuhka eemaldamine kivilt, betoonilt, plaatidelt, klaasilt<\/span><\/li>\n<li> <span class=\"relative -mx-px my-[-0.2rem] rounded px-px py-[0.2rem] transition-colors duration-100 ease-in-out\">\u00d5lide, rasva, liimi, tindij\u00e4\u00e4kide puhastamine metallilt, plastikutelt, v\u00e4rvitud ja puidust pindadelt<\/span> <\/li>\n<\/ul>\n<p><strong>Kasutusviis:<\/strong><\/p>\n<ol>\n<li> <span class=\"relative -mx-px my-[-0.2rem] rounded px-px py-[0.2rem] transition-colors duration-100 ease-in-out\">Lahjenda veega vastavalt mustuse tasemele (1:2 kuni 1:2000)<\/span><\/li>\n<li> <span class=\"relative -mx-px my-[-0.2rem] rounded px-px py-[0.2rem] transition-colors duration-100 ease-in-out\">Pihusta, h\u00f5\u00f5ru pintsliga\/riidega\/seinapadjaga v\u00f5i leota<\/span><\/li>\n<li> <span class=\"relative -mx-px my-[-0.2rem] rounded px-px py-[0.2rem] transition-colors duration-100 ease-in-out\">Lase toimida m\u00f5ni minut, loputa p\u00f5hjalikult veega, \u00e4ra lase kuivada<\/span><\/li>\n<\/ol>\n","protected":false},"excerpt":{"rendered":"<p>LM1653 LIQUI MOLY<\/p>\n","protected":false},"featured_media":105534,"comment_status":"open","ping_status":"closed","template":"","meta":{"colormag_page_container_layout":"default_layout","colormag_page_sidebar_layout":"default_layout"},"product_brand":[],"product_cat":[108],"product_tag":[],"class_list":{"0":"post-105537","1":"product","2":"type-product","3":"status-publish","4":"has-post-thumbnail","6":"product_cat-misc","8":"first","9":"instock","10":"shipping-taxable","11":"purchasable","12":"product-type-simple"},"_links":{"self":[{"href":"https:\/\/automatic.ee\/en\/wp-json\/wp\/v2\/product\/105537","targetHints":{"allow":["GET"]}}],"collection":[{"href":"https:\/\/automatic.ee\/en\/wp-json\/wp\/v2\/product"}],"about":[{"href":"https:\/\/automatic.ee\/en\/wp-json\/wp\/v2\/types\/product"}],"replies":[{"embeddable":true,"href":"https:\/\/automatic.ee\/en\/wp-json\/wp\/v2\/comments?post=105537"}],"wp:featuredmedia":[{"embeddable":true,"href":"https:\/\/automatic.ee\/en\/wp-json\/wp\/v2\/media\/105534"}],"wp:attachment":[{"href":"https:\/\/automatic.ee\/en\/wp-json\/wp\/v2\/media?parent=105537"}],"wp:term":[{"taxonomy":"product_brand","embeddable":true,"href":"https:\/\/automatic.ee\/en\/wp-json\/wp\/v2\/product_brand?post=105537"},{"taxonomy":"product_cat","embeddable":true,"href":"https:\/\/automatic.ee\/en\/wp-json\/wp\/v2\/product_cat?post=105537"},{"taxonomy":"product_tag","embeddable":true,"href":"https:\/\/automatic.ee\/en\/wp-json\/wp\/v2\/product_tag?post=105537"}],"curies":[{"name":"wp","href":"https:\/\/api.w.org\/{rel}","templated":true}]}}