{"id":105529,"date":"2025-11-04T03:52:05","date_gmt":"2025-11-04T01:52:05","guid":{"rendered":"https:\/\/automatic.ee\/toode\/silikoon-sprei-400ml-liqui-moly\/"},"modified":"2025-11-04T03:52:05","modified_gmt":"2025-11-04T01:52:05","slug":"silikoon-sprei-400ml-liqui-moly","status":"publish","type":"product","link":"https:\/\/automatic.ee\/en\/toode\/silikoon-sprei-400ml-liqui-moly\/","title":{"rendered":"Silikoon-sprei 400ml LIQUI MOLY"},"content":{"rendered":"<p>On mineraal\u00f5li ja rasvavaba isolatsioon, m\u00e4\u00e4rde- ja kaitseaine, mis on valmistatud silkooni baasil. Plastikule, kummile, metallile ja puidule. Kasutamisel puhas. Pihustada \u00f5huke kiht t\u00f6\u00f6deldavatele osadele ja lasta kuivada. Kaotab t\u00fc\u00fctud helid s\u00fcnteetika juures. Immutab ja isoleerib. Meeldiv l\u00f5hn.<\/p>\n<p>LIQUI MOLY<\/p>\n<p>LM1835<\/p>\n","protected":false},"excerpt":{"rendered":"<p>LM1835 LIQUI MOLY<\/p>\n","protected":false},"featured_media":105526,"comment_status":"open","ping_status":"closed","template":"","meta":{"colormag_page_container_layout":"default_layout","colormag_page_sidebar_layout":"default_layout"},"product_brand":[],"product_cat":[108],"product_tag":[],"class_list":{"0":"post-105529","1":"product","2":"type-product","3":"status-publish","4":"has-post-thumbnail","6":"product_cat-misc","8":"first","9":"instock","10":"shipping-taxable","11":"purchasable","12":"product-type-simple"},"_links":{"self":[{"href":"https:\/\/automatic.ee\/en\/wp-json\/wp\/v2\/product\/105529","targetHints":{"allow":["GET"]}}],"collection":[{"href":"https:\/\/automatic.ee\/en\/wp-json\/wp\/v2\/product"}],"about":[{"href":"https:\/\/automatic.ee\/en\/wp-json\/wp\/v2\/types\/product"}],"replies":[{"embeddable":true,"href":"https:\/\/automatic.ee\/en\/wp-json\/wp\/v2\/comments?post=105529"}],"wp:featuredmedia":[{"embeddable":true,"href":"https:\/\/automatic.ee\/en\/wp-json\/wp\/v2\/media\/105526"}],"wp:attachment":[{"href":"https:\/\/automatic.ee\/en\/wp-json\/wp\/v2\/media?parent=105529"}],"wp:term":[{"taxonomy":"product_brand","embeddable":true,"href":"https:\/\/automatic.ee\/en\/wp-json\/wp\/v2\/product_brand?post=105529"},{"taxonomy":"product_cat","embeddable":true,"href":"https:\/\/automatic.ee\/en\/wp-json\/wp\/v2\/product_cat?post=105529"},{"taxonomy":"product_tag","embeddable":true,"href":"https:\/\/automatic.ee\/en\/wp-json\/wp\/v2\/product_tag?post=105529"}],"curies":[{"name":"wp","href":"https:\/\/api.w.org\/{rel}","templated":true}]}}