{"id":105481,"date":"2025-11-04T03:51:08","date_gmt":"2025-11-04T01:51:08","guid":{"rendered":"https:\/\/automatic.ee\/toode\/dieseli-sisselaskesusteemi-puhastus-300ml\/"},"modified":"2025-11-04T03:51:08","modified_gmt":"2025-11-04T01:51:08","slug":"dieseli-sisselaskesusteemi-puhastus-300ml","status":"publish","type":"product","link":"https:\/\/automatic.ee\/en\/toode\/dieseli-sisselaskesusteemi-puhastus-300ml\/","title":{"rendered":"DIESELI SISSELASKES\u00dcSTEEMI PUHASTUS 300ML"},"content":{"rendered":"<p>V\u00e4ga t\u00f5hus lisaainete kombinatsioon koheseks kasutamiseks koos JetClean Tronic II-ga. Eemaldab t\u00fc\u00fcpilise mustuse ja ladestused sisselaske- ja drosselventiilide piirkonnast. Lahustab ja eemaldab kuivad ja m\u00e4\u00e4rdunud ained nagu klambrid, \u00f5li jne. Tagab ajamiosade t\u00f6\u00f6 ja alumise osa paigaldamise. Suurendab diiselmootorite t\u00f6\u00f6ohutust.<\/p>\n<div><\/div>\n<div>Sisselaske- ja drosselklapi piirkonnas. Kasutage ainult diiselmootorites!<\/div>\n<div><\/div>\n<div>Valmis JetClean Tronic II lahjendamata uuesti t\u00e4itmiseks. Edasise kasutamise \u00fcksikasjalik kirjeldus on JetClean Tronic II kasutusjuhendis.<\/div>\n<div><\/div>\n<div>Omadused<\/div>\n<div>suurep\u00e4rane puhastav toime<\/div>\n<div>lihtne rakendus<\/div>\n<div>Puhastamine on v\u00f5imalik ilma lahti v\u00f5tmata.<\/div>\n<div>optimeerib \u00f6konoomset rakendust<\/div>\n<div>kiire puhastus<\/div>\n<div>kasutamiseks valmis<\/div>\n<div>sobib tahkete osakeste filtritele<\/div>\n<div>Turbo testitud<\/div>\n","protected":false},"excerpt":{"rendered":"<p>LM20986 LIQUI MOLY<\/p>\n","protected":false},"featured_media":105478,"comment_status":"open","ping_status":"closed","template":"","meta":{"colormag_page_container_layout":"default_layout","colormag_page_sidebar_layout":"default_layout"},"product_brand":[],"product_cat":[108],"product_tag":[],"class_list":{"0":"post-105481","1":"product","2":"type-product","3":"status-publish","4":"has-post-thumbnail","6":"product_cat-misc","8":"first","9":"instock","10":"shipping-taxable","11":"purchasable","12":"product-type-simple"},"_links":{"self":[{"href":"https:\/\/automatic.ee\/en\/wp-json\/wp\/v2\/product\/105481","targetHints":{"allow":["GET"]}}],"collection":[{"href":"https:\/\/automatic.ee\/en\/wp-json\/wp\/v2\/product"}],"about":[{"href":"https:\/\/automatic.ee\/en\/wp-json\/wp\/v2\/types\/product"}],"replies":[{"embeddable":true,"href":"https:\/\/automatic.ee\/en\/wp-json\/wp\/v2\/comments?post=105481"}],"wp:featuredmedia":[{"embeddable":true,"href":"https:\/\/automatic.ee\/en\/wp-json\/wp\/v2\/media\/105478"}],"wp:attachment":[{"href":"https:\/\/automatic.ee\/en\/wp-json\/wp\/v2\/media?parent=105481"}],"wp:term":[{"taxonomy":"product_brand","embeddable":true,"href":"https:\/\/automatic.ee\/en\/wp-json\/wp\/v2\/product_brand?post=105481"},{"taxonomy":"product_cat","embeddable":true,"href":"https:\/\/automatic.ee\/en\/wp-json\/wp\/v2\/product_cat?post=105481"},{"taxonomy":"product_tag","embeddable":true,"href":"https:\/\/automatic.ee\/en\/wp-json\/wp\/v2\/product_tag?post=105481"}],"curies":[{"name":"wp","href":"https:\/\/api.w.org\/{rel}","templated":true}]}}