{"id":105441,"date":"2025-11-04T03:50:26","date_gmt":"2025-11-04T01:50:26","guid":{"rendered":"https:\/\/automatic.ee\/toode\/bensiini-otsepritse-dfi-puhastuslisand-120ml\/"},"modified":"2025-11-04T03:50:26","modified_gmt":"2025-11-04T01:50:26","slug":"bensiini-otsepritse-dfi-puhastuslisand-120ml","status":"publish","type":"product","link":"https:\/\/automatic.ee\/en\/toode\/bensiini-otsepritse-dfi-puhastuslisand-120ml\/","title":{"rendered":"Bensiini otsepritse (DFI) puhastuslisand 120ml"},"content":{"rendered":"<p>Omadused &#8211; pol\u00fceeteramiini tehnoloogia &#8211; suurep\u00e4rane puhastav toime &#8211; puhastab p\u00f5lemiskambri ja pihustid &#8211; suurep\u00e4rane mootori puhtus &#8211; puhastab k\u00fctuses\u00fcsteemi  Kasutusvaldkonnad Sobib k\u00f5ikidele s\u00f5iduautodele, millel on 4-taktilised bensiinimootorid.   Rakendus 120 ml purk on m\u00f5eldud 30-50 liitri jaoks k\u00fctust. Parimate tulemuste saavutamiseks lisage k\u00fctust iga 5000 km j\u00e4rel (Mitte varem) . Segamine toimub iseseisvalt. OEM-i soovitused v\u00f5ivad erineda standardne annus. J\u00e4lgige tootja juhised!<\/p>\n","protected":false},"excerpt":{"rendered":"<p>LM21377 LIQUI MOLY<\/p>\n","protected":false},"featured_media":105438,"comment_status":"open","ping_status":"closed","template":"","meta":{"colormag_page_container_layout":"default_layout","colormag_page_sidebar_layout":"default_layout"},"product_brand":[],"product_cat":[108],"product_tag":[],"class_list":{"0":"post-105441","1":"product","2":"type-product","3":"status-publish","4":"has-post-thumbnail","6":"product_cat-misc","8":"first","9":"instock","10":"shipping-taxable","11":"purchasable","12":"product-type-simple"},"_links":{"self":[{"href":"https:\/\/automatic.ee\/en\/wp-json\/wp\/v2\/product\/105441","targetHints":{"allow":["GET"]}}],"collection":[{"href":"https:\/\/automatic.ee\/en\/wp-json\/wp\/v2\/product"}],"about":[{"href":"https:\/\/automatic.ee\/en\/wp-json\/wp\/v2\/types\/product"}],"replies":[{"embeddable":true,"href":"https:\/\/automatic.ee\/en\/wp-json\/wp\/v2\/comments?post=105441"}],"wp:featuredmedia":[{"embeddable":true,"href":"https:\/\/automatic.ee\/en\/wp-json\/wp\/v2\/media\/105438"}],"wp:attachment":[{"href":"https:\/\/automatic.ee\/en\/wp-json\/wp\/v2\/media?parent=105441"}],"wp:term":[{"taxonomy":"product_brand","embeddable":true,"href":"https:\/\/automatic.ee\/en\/wp-json\/wp\/v2\/product_brand?post=105441"},{"taxonomy":"product_cat","embeddable":true,"href":"https:\/\/automatic.ee\/en\/wp-json\/wp\/v2\/product_cat?post=105441"},{"taxonomy":"product_tag","embeddable":true,"href":"https:\/\/automatic.ee\/en\/wp-json\/wp\/v2\/product_tag?post=105441"}],"curies":[{"name":"wp","href":"https:\/\/api.w.org\/{rel}","templated":true}]}}