{"id":105353,"date":"2025-11-04T03:48:58","date_gmt":"2025-11-04T01:48:58","guid":{"rendered":"https:\/\/automatic.ee\/toode\/automaatkasti-pesulisand-300ml-liqui-moly\/"},"modified":"2025-11-04T03:48:58","modified_gmt":"2025-11-04T01:48:58","slug":"automaatkasti-pesulisand-300ml-liqui-moly","status":"publish","type":"product","link":"https:\/\/automatic.ee\/en\/toode\/automaatkasti-pesulisand-300ml-liqui-moly\/","title":{"rendered":"AUTOMAATKASTI PESULISAND 300ML LIQUI MOLY"},"content":{"rendered":"<p>Automaatk\u00e4igukastide loputus Automatik Getriebe-Reiniger 0,3 l &#8211; Professionaalne loputusvahend automaatk\u00e4igukastide ennetavaks hoolduseks. K\u00f5rvaldab raske k\u00e4iguvahetuse ja muude riketega seotud probleemid. Eemaldab osadel ja h\u00fcdros\u00fcsteemis tekkinud ladestused, v\u00f5imaldab eemaldada kastist lahustumatud saasteained. Selle tulemusena pikeneb osade ja kogu seadme kasutusiga tervikuna. Omadused &#8211; ei kahjusta keskkonda &#8211; lihtne kasutada &#8211; tavaliste tihendite suhtes neutraalsed &#8211; tagab optimaalse k\u00e4iguvahetuse &#8211; kiire puhastus &#8211; \u00f5rn puhastus &#8211; k\u00f5rge efektiivsusega <\/p>\n<p><span><\/span>Rakendus <\/p>\n<p> Enne loputusaine kasutamist on vaja automaatk\u00e4igukast t\u00f6\u00f6temperatuurini soojendada, seej\u00e4rel lisada purgi sisu automaatk\u00e4igukasti vedelikule ja k\u00e4ivitada mootor. Loputusts\u00fckli jooksul, mis kestab 12\u201315 minutit, on vaja automaatk\u00e4igukasti t\u00f6\u00f6re\u017eiimi valijat mitu korda erinevatesse asenditesse liigutada, hoides samal ajal piduripedaali all. P\u00e4rast loputusts\u00fckli l\u00f5ppu tuleb k\u00e4igukasti vedelik v\u00e4lja vahetada. Seda toodet saab kasutada ainult teenindusjaamades, kus kasutatakse spetsiaalset varustust, et tagada automaatk\u00e4igukasti vedeliku t\u00e4ismahu v\u00e4ljavahetamine.  300 ml purgist piisab 6 \u2013 9 liitrist. ATF.<\/p>\n<p><\/p>\n","protected":false},"excerpt":{"rendered":"<p>LM2512 LIQUI MOLY<\/p>\n","protected":false},"featured_media":105350,"comment_status":"open","ping_status":"closed","template":"","meta":{"colormag_page_container_layout":"default_layout","colormag_page_sidebar_layout":"default_layout"},"product_brand":[],"product_cat":[108],"product_tag":[],"class_list":{"0":"post-105353","1":"product","2":"type-product","3":"status-publish","4":"has-post-thumbnail","6":"product_cat-misc","8":"first","9":"instock","10":"shipping-taxable","11":"purchasable","12":"product-type-simple"},"_links":{"self":[{"href":"https:\/\/automatic.ee\/en\/wp-json\/wp\/v2\/product\/105353","targetHints":{"allow":["GET"]}}],"collection":[{"href":"https:\/\/automatic.ee\/en\/wp-json\/wp\/v2\/product"}],"about":[{"href":"https:\/\/automatic.ee\/en\/wp-json\/wp\/v2\/types\/product"}],"replies":[{"embeddable":true,"href":"https:\/\/automatic.ee\/en\/wp-json\/wp\/v2\/comments?post=105353"}],"wp:featuredmedia":[{"embeddable":true,"href":"https:\/\/automatic.ee\/en\/wp-json\/wp\/v2\/media\/105350"}],"wp:attachment":[{"href":"https:\/\/automatic.ee\/en\/wp-json\/wp\/v2\/media?parent=105353"}],"wp:term":[{"taxonomy":"product_brand","embeddable":true,"href":"https:\/\/automatic.ee\/en\/wp-json\/wp\/v2\/product_brand?post=105353"},{"taxonomy":"product_cat","embeddable":true,"href":"https:\/\/automatic.ee\/en\/wp-json\/wp\/v2\/product_cat?post=105353"},{"taxonomy":"product_tag","embeddable":true,"href":"https:\/\/automatic.ee\/en\/wp-json\/wp\/v2\/product_tag?post=105353"}],"curies":[{"name":"wp","href":"https:\/\/api.w.org\/{rel}","templated":true}]}}