{"id":105333,"date":"2025-11-04T03:48:34","date_gmt":"2025-11-04T01:48:34","guid":{"rendered":"https:\/\/automatic.ee\/toode\/diiselkutuse-lisand-0-5l-liqui-moly\/"},"modified":"2025-11-04T03:48:34","modified_gmt":"2025-11-04T01:48:34","slug":"diiselkutuse-lisand-0-5l-liqui-moly","status":"publish","type":"product","link":"https:\/\/automatic.ee\/en\/toode\/diiselkutuse-lisand-0-5l-liqui-moly\/","title":{"rendered":"Diiselk\u00fctuse lisand 0.5L LIQUI MOLY"},"content":{"rendered":"<p>Eemaldab pihustitesse, sissepritsepumpadesse ja p\u00f5lemiskambritesse kogunevad sademed. Lahendab mootori eba\u00fchtlase t\u00f6\u00f6 ja mootori detonatsiooniga seotud probleemid. Puhtad pihustid ja sissepritsepumbad tagavad optimaalse j\u00f5udluse ja mootori sujuva t\u00f6\u00f6. Hoiab \u00e4ra korrosiooni. Tagab osade k\u00f5rge t\u00f6\u00f6kindluse ja hoiab \u00e4ra kuluka remondi.<\/p>\n<div><\/div>\n<div>Funktsioonid:<\/div>\n<div><\/div>\n<div>eemaldab setted<\/div>\n<div>suurendab tsetaanarvu,<\/div>\n<div>kaitseb korrosiooni eest,<\/div>\n<div>tagab mootori sujuva t\u00f6\u00f6,<\/div>\n<div>taastab mootori algsed omadused<\/div>\n","protected":false},"excerpt":{"rendered":"<p>LM2666 LIQUI MOLY<\/p>\n","protected":false},"featured_media":105330,"comment_status":"open","ping_status":"closed","template":"","meta":{"colormag_page_container_layout":"default_layout","colormag_page_sidebar_layout":"default_layout"},"product_brand":[],"product_cat":[108],"product_tag":[],"class_list":{"0":"post-105333","1":"product","2":"type-product","3":"status-publish","4":"has-post-thumbnail","6":"product_cat-misc","8":"first","9":"instock","10":"shipping-taxable","11":"purchasable","12":"product-type-simple"},"_links":{"self":[{"href":"https:\/\/automatic.ee\/en\/wp-json\/wp\/v2\/product\/105333","targetHints":{"allow":["GET"]}}],"collection":[{"href":"https:\/\/automatic.ee\/en\/wp-json\/wp\/v2\/product"}],"about":[{"href":"https:\/\/automatic.ee\/en\/wp-json\/wp\/v2\/types\/product"}],"replies":[{"embeddable":true,"href":"https:\/\/automatic.ee\/en\/wp-json\/wp\/v2\/comments?post=105333"}],"wp:featuredmedia":[{"embeddable":true,"href":"https:\/\/automatic.ee\/en\/wp-json\/wp\/v2\/media\/105330"}],"wp:attachment":[{"href":"https:\/\/automatic.ee\/en\/wp-json\/wp\/v2\/media?parent=105333"}],"wp:term":[{"taxonomy":"product_brand","embeddable":true,"href":"https:\/\/automatic.ee\/en\/wp-json\/wp\/v2\/product_brand?post=105333"},{"taxonomy":"product_cat","embeddable":true,"href":"https:\/\/automatic.ee\/en\/wp-json\/wp\/v2\/product_cat?post=105333"},{"taxonomy":"product_tag","embeddable":true,"href":"https:\/\/automatic.ee\/en\/wp-json\/wp\/v2\/product_tag?post=105333"}],"curies":[{"name":"wp","href":"https:\/\/api.w.org\/{rel}","templated":true}]}}