{"id":105297,"date":"2025-11-04T03:46:51","date_gmt":"2025-11-04T01:46:51","guid":{"rendered":"https:\/\/automatic.ee\/toode\/lm48-montaazhisprei-mos2-ga-300ml\/"},"modified":"2025-11-04T03:46:51","modified_gmt":"2025-11-04T01:46:51","slug":"lm48-montaazhisprei-mos2-ga-300ml","status":"publish","type":"product","link":"https:\/\/automatic.ee\/en\/toode\/lm48-montaazhisprei-mos2-ga-300ml\/","title":{"rendered":"LM48 Montaazhisprei MoS2-ga 300ml"},"content":{"rendered":"<p><strong>Kirjeldus<\/strong><\/p>\n<p> <span class=\"relative -mx-px my-[-0.2rem] rounded px-px py-[0.2rem] transition-colors duration-100 ease-in-out\">MoS\u2082\u2011p\u00f5hine spreipasta, mis sisaldab ka tsinksulfiidi, grafiiti ja fluoriide. K\u00f5rge j\u00f5udlusega paigaldus- ja m\u00e4\u00e4rdevahend \u00e4\u00e4rmuslike koormuste jaoks.<\/span><\/p>\n<p><strong>Kasutusvaldkond<\/strong><br \/> <span class=\"relative -mx-px my-[-0.2rem] rounded px-px py-[0.2rem] transition-colors duration-100 ease-in-out\">Sobib laagripesade, sisikute, poltide ja muude tihedalt sobitatud detailide paigaldamiseks. Teenib ka aluseks ja pikaajaliseks m\u00e4\u00e4rimiseks liigestele, juhtpindadele ning keerukatele pindadele<\/span> .<\/p>\n<p><strong>Kasutusjuhis<\/strong><\/p>\n<ol>\n<li> <span class=\"relative -mx-px my-[-0.2rem] rounded px-px py-[0.2rem] transition-colors duration-100 ease-in-out\">Raputa purk enne kasutamist.<\/span><\/li>\n<li> <span class=\"relative -mx-px my-[-0.2rem] rounded px-px py-[0.2rem] transition-colors duration-100 ease-in-out\">Pihusta \u00f5huke kiht puhastatud pinnale 20\u201330\u202fcm kauguselt.<\/span><\/li>\n<li> <span class=\"relative -mx-px my-[-0.2rem] rounded px-px py-[0.2rem] transition-colors duration-100 ease-in-out\">Lase moodustuda kaitsev m\u00e4\u00e4rdekiht.<\/span><\/li>\n<li> <span class=\"relative -mx-px my-[-0.2rem] rounded px-px py-[0.2rem] transition-colors duration-100 ease-in-out\">Vajadusel puhasta d\u00fc\u00fcs p\u00e4rast kasutust<\/span> .<\/li>\n<\/ol>\n<p><strong>Tehnilised andmed<\/strong><\/p>\n<ul>\n<li> <span class=\"relative -mx-px my-[-0.2rem] rounded px-px py-[0.2rem] transition-colors duration-100 ease-in-out\">T\u00f6\u00f6tatemperatuur: \u201335\u202f\u00b0C kuni +450\u202f\u00b0C (standardpasta re\u017eiim kuni +200\u202f\u00b0C).<\/span><\/li>\n<li> <span class=\"relative -mx-px my-[-0.2rem] rounded px-px py-[0.2rem] transition-colors duration-100 ease-in-out\">Suurep\u00e4rane nakkuvus, kulumis- ja korrosioonikaitse, v\u00e4ga madal h\u00f5\u00f5rdekoefitsient ning usaldusv\u00e4\u00e4rne kriisiolukordades<\/span> .<\/li>\n<\/ul>\n","protected":false},"excerpt":{"rendered":"<p>LM3045 LIQUI MOLY<\/p>\n","protected":false},"featured_media":105294,"comment_status":"open","ping_status":"closed","template":"","meta":{"colormag_page_container_layout":"default_layout","colormag_page_sidebar_layout":"default_layout"},"product_brand":[],"product_cat":[108],"product_tag":[],"class_list":{"0":"post-105297","1":"product","2":"type-product","3":"status-publish","4":"has-post-thumbnail","6":"product_cat-misc","8":"first","9":"instock","10":"shipping-taxable","11":"purchasable","12":"product-type-simple"},"_links":{"self":[{"href":"https:\/\/automatic.ee\/en\/wp-json\/wp\/v2\/product\/105297","targetHints":{"allow":["GET"]}}],"collection":[{"href":"https:\/\/automatic.ee\/en\/wp-json\/wp\/v2\/product"}],"about":[{"href":"https:\/\/automatic.ee\/en\/wp-json\/wp\/v2\/types\/product"}],"replies":[{"embeddable":true,"href":"https:\/\/automatic.ee\/en\/wp-json\/wp\/v2\/comments?post=105297"}],"wp:featuredmedia":[{"embeddable":true,"href":"https:\/\/automatic.ee\/en\/wp-json\/wp\/v2\/media\/105294"}],"wp:attachment":[{"href":"https:\/\/automatic.ee\/en\/wp-json\/wp\/v2\/media?parent=105297"}],"wp:term":[{"taxonomy":"product_brand","embeddable":true,"href":"https:\/\/automatic.ee\/en\/wp-json\/wp\/v2\/product_brand?post=105297"},{"taxonomy":"product_cat","embeddable":true,"href":"https:\/\/automatic.ee\/en\/wp-json\/wp\/v2\/product_cat?post=105297"},{"taxonomy":"product_tag","embeddable":true,"href":"https:\/\/automatic.ee\/en\/wp-json\/wp\/v2\/product_tag?post=105297"}],"curies":[{"name":"wp","href":"https:\/\/api.w.org\/{rel}","templated":true}]}}