{"id":105249,"date":"2025-11-04T03:44:26","date_gmt":"2025-11-04T01:44:26","guid":{"rendered":"https:\/\/automatic.ee\/toode\/akuklemmide-kaitsevahendi-aerosool-300ml\/"},"modified":"2025-11-04T03:44:26","modified_gmt":"2025-11-04T01:44:26","slug":"akuklemmide-kaitsevahendi-aerosool-300ml","status":"publish","type":"product","link":"https:\/\/automatic.ee\/en\/toode\/akuklemmide-kaitsevahendi-aerosool-300ml\/","title":{"rendered":"AKUKLEMMIDE KAITSEVAHENDI AEROSOOL 300ML"},"content":{"rendered":"<p>Plastik detailidele ohutu m\u00e4\u00e4re, mis p\u00f5hineb lubja seebil. Aku klemmide ja elektriliste<\/p>\n<p>kontaktide kaitse korrosiooni ja oks\u00fcdatsiooni eest.<\/p>\n<p>M\u00e4\u00e4rides elektrikomponentide \u00fchendused kaitsete \u00fchendusikorrodeerumise ning oks\u00fcdeerumise<\/p>\n<p>eest, sellega tagate kindla k\u00e4ivituse, eredad tuled ja pikema aku eluea.<\/p>\n<p>Hoiab \u00e4ra happekahjustuse. Hea \u00fchilduvus plastikuga. Aitab v\u00e4ltida lekkevoolu ja kontakttakistust.<\/p>\n<p>Nimetus vastavalt DIN 51502 M2C-30. T\u00f6\u00f6temperatuur: &#8211; 30 \u00b0 C kuni +60 \u00b0 C<\/p>\n","protected":false},"excerpt":{"rendered":"<p>LM3141 LIQUI MOLY<\/p>\n","protected":false},"featured_media":105246,"comment_status":"open","ping_status":"closed","template":"","meta":{"colormag_page_container_layout":"default_layout","colormag_page_sidebar_layout":"default_layout"},"product_brand":[],"product_cat":[108],"product_tag":[],"class_list":{"0":"post-105249","1":"product","2":"type-product","3":"status-publish","4":"has-post-thumbnail","6":"product_cat-misc","8":"first","9":"instock","10":"shipping-taxable","11":"purchasable","12":"product-type-simple"},"_links":{"self":[{"href":"https:\/\/automatic.ee\/en\/wp-json\/wp\/v2\/product\/105249","targetHints":{"allow":["GET"]}}],"collection":[{"href":"https:\/\/automatic.ee\/en\/wp-json\/wp\/v2\/product"}],"about":[{"href":"https:\/\/automatic.ee\/en\/wp-json\/wp\/v2\/types\/product"}],"replies":[{"embeddable":true,"href":"https:\/\/automatic.ee\/en\/wp-json\/wp\/v2\/comments?post=105249"}],"wp:featuredmedia":[{"embeddable":true,"href":"https:\/\/automatic.ee\/en\/wp-json\/wp\/v2\/media\/105246"}],"wp:attachment":[{"href":"https:\/\/automatic.ee\/en\/wp-json\/wp\/v2\/media?parent=105249"}],"wp:term":[{"taxonomy":"product_brand","embeddable":true,"href":"https:\/\/automatic.ee\/en\/wp-json\/wp\/v2\/product_brand?post=105249"},{"taxonomy":"product_cat","embeddable":true,"href":"https:\/\/automatic.ee\/en\/wp-json\/wp\/v2\/product_cat?post=105249"},{"taxonomy":"product_tag","embeddable":true,"href":"https:\/\/automatic.ee\/en\/wp-json\/wp\/v2\/product_tag?post=105249"}],"curies":[{"name":"wp","href":"https:\/\/api.w.org\/{rel}","templated":true}]}}